{"id":32125,"date":"2025-08-03T16:42:22","date_gmt":"2025-08-03T14:42:22","guid":{"rendered":"https:\/\/mocyoni.com\/?post_type=product&#038;p=32125"},"modified":"2026-04-09T19:05:38","modified_gmt":"2026-04-09T17:05:38","slug":"analiza-porownawcza-komunikacja","status":"publish","type":"product","link":"https:\/\/mocyoni.com\/index.php\/produkt\/analiza-porownawcza-komunikacja\/","title":{"rendered":"Analiza por\u00f3wnawcza: SYNASTRIA"},"content":{"rendered":"<h4 style=\"text-align: center;\" data-start=\"225\" data-end=\"255\">ANALIZA POR\u00d3WNAWCZA<\/h4>\n<p data-start=\"292\" data-end=\"488\"><strong data-start=\"292\" data-end=\"348\">Chcesz zrozumie\u0107, jak naprawd\u0119 dzia\u0142a Wasza relacja?<\/strong><br data-start=\"348\" data-end=\"351\" \/>Dlaczego si\u0119 przyci\u0105gacie \u2014 ale czasem te\u017c ranicie?<br data-start=\"401\" data-end=\"404\" \/>Co ka\u017cdy z Was wnosi do zwi\u0105zku \u2014 i czego naprawd\u0119 potrzebuje, by czu\u0107 si\u0119 kochanym?<\/p>\n<p data-start=\"490\" data-end=\"938\"><strong>Analiza por\u00f3wnawcza jest dla Was, je\u015bli:<\/strong><br data-start=\"521\" data-end=\"524\" \/>\u2022 pragniecie <strong data-start=\"537\" data-end=\"557\">pog\u0142\u0119bi\u0107 relacj\u0119<\/strong> i lepiej si\u0119 zrozumie\u0107,<br data-start=\"581\" data-end=\"584\" \/>\u2022 chcecie <strong data-start=\"594\" data-end=\"619\">przesta\u0107 si\u0119 rozmija\u0107<\/strong>, mimo mi\u0142o\u015bci i zaanga\u017cowania,<br data-start=\"650\" data-end=\"653\" \/>\u2022 jeste\u015bcie w punkcie prze\u0142omowym: decyzja o wsp\u00f3lnym \u017cyciu, dzieciach, \u015blubie \u2014 lub o odej\u015bciu,<br data-start=\"749\" data-end=\"752\" \/>\u2022 chcecie <strong data-start=\"762\" data-end=\"792\">nauczy\u0107 si\u0119 j\u0119zyka mi\u0142o\u015bci<\/strong> swojego i partnera\/partnerki, zamiast tkwi\u0107 w domys\u0142ach,<br data-start=\"849\" data-end=\"852\" \/>\u2022 czujecie, \u017ce zwi\u0105zek to dla Was przestrze\u0144 rozwoju \u2014 nie tylko emocji i nami\u0119tno\u015bci.<\/p>\n<h4 data-start=\"940\" data-end=\"1020\">Podczas odczytu por\u00f3wnawczego dowiesz si\u0119:<\/h4>\n<p data-start=\"1022\" data-end=\"1855\">\u2022 czego ka\u017cde z Was naprawd\u0119 <strong data-start=\"1024\" data-end=\"1074\">oczekuje od zwi\u0105zku<\/strong>, jak definiujecie mi\u0142o\u015b\u0107, blisko\u015b\u0107 i oddanie,<br data-start=\"1120\" data-end=\"1123\" \/>\u2022 jaki jest Wasz<strong data-start=\"1125\" data-end=\"1165\"> temperament seksualny<\/strong> \u2013 co Was poci\u0105ga, jak si\u0119 budzi nami\u0119tno\u015b\u0107, co daje spe\u0142nienie,<br data-start=\"1229\" data-end=\"1232\" \/>\u2022 jak ka\u017cdy z Was <strong data-start=\"1234\" data-end=\"1293\">wyra\u017ca uczucia i jak reaguje na kryzysy<\/strong>,<br data-start=\"1294\" data-end=\"1297\" \/>\u2022 jakie s\u0105 naturalne napi\u0119cia<strong data-start=\"1299\" data-end=\"1365\">, <\/strong>a jakie<strong data-start=\"1299\" data-end=\"1365\"> potencja\u0142y do uzdrowienia<\/strong> (np. r\u00f3\u017cnice w stylu komunikacji, emocjonalnej ekspresji, potrzebie niezale\u017cno\u015bci),<br data-start=\"1449\" data-end=\"1452\" \/>\u2022 jak wygl\u0105da Wasze<strong data-start=\"1454\" data-end=\"1496\"> wymarzone ma\u0142\u017ce\u0144stwo<\/strong> \u2013 i z czym mo\u017ce si\u0119 zderzy\u0107 w realnym, wsp\u00f3lnym \u017cyciu,<br data-start=\"1551\" data-end=\"1554\" \/>\u2022 jak wp\u0142ywaj\u0105 na Was nieu\u015bwiadomione wzorce rodzinne i <strong data-start=\"1556\" data-end=\"1636\">karmiczne zobowi\u0105zania<\/strong>,<br data-start=\"1637\" data-end=\"1640\" \/>\u2022 <strong data-start=\"1642\" data-end=\"1729\">czego uczycie si\u0119 od siebie wzajemnie \u2014 <\/strong>i dlaczego przyci\u0105gn\u0119li\u015bcie si\u0119 w\u0142a\u015bnie teraz,<br data-start=\"1730\" data-end=\"1733\" \/>\u2022 <strong data-start=\"1735\" data-end=\"1803\">czy relacja ma potencja\u0142 na wsp\u00f3lne dzieci, ma\u0142\u017ce\u0144stwo, trwa\u0142o\u015b\u0107<\/strong>, a gdzie le\u017cy ryzyko oddalenia, zdrady lub rozwodu.<\/p>\n<p data-start=\"1857\" data-end=\"2003\">To mapa \u2014 kt\u00f3ra pokazuje, co naprawd\u0119 si\u0119 mi\u0119dzy Wami dzieje,<br data-start=\"1940\" data-end=\"1943\" \/>i co mo\u017cecie z tym zrobi\u0107 \u2014 \u015bwiadomie, dojrzale, z mi\u0142o\u015bci\u0105.<\/p>\n<p data-start=\"1857\" data-end=\"2003\">\n<h4 data-start=\"2156\" data-end=\"2209\"><strong>Jak wygl\u0105da odczyt kosmogramu?<\/strong><\/h4>\n<p data-start=\"2156\" data-end=\"2209\">Najpierw wybierasz form\u0119 spotkania, kt\u00f3ra najbardziej Ci odpowiada:<\/p>\n<ul>\n<li data-start=\"2156\" data-end=\"2209\">Online na \u017cywo &#8211; rozmowa, podczas kt\u00f3rej om\u00f3wimy Tw\u00f3j kosmogram i odpowiem na Twoje pytania<\/li>\n<li data-start=\"2156\" data-end=\"2209\">G\u0142os\u00f3wki \/ podcast o Tobie &#8211; nagrany dla Ciebie specjalnie materia\u0142, na kt\u00f3ry mo\u017cesz reagowa\u0107 i odpowiada\u0107 w swoim tempie<\/li>\n<\/ul>\n<p>Po odczycie otrzymasz PDF z najwa\u017cniejszymi informacjami dotycz\u0105cymi Twojej energetyki, kt\u00f3ry b\u0119dzie Twoim osobistym przewodnikiem po kosmogramie.<\/p>\n","protected":false},"excerpt":{"rendered":"<p>ANALIZA POR\u00d3WNAWCZA Chcesz zrozumie\u0107, jak naprawd\u0119 dzia\u0142a Wasza relacja?Dlaczego si\u0119 przyci\u0105gacie \u2014 ale czasem te\u017c ranicie?Co ka\u017cdy z Was wnosi do zwi\u0105zku \u2014 i czego naprawd\u0119 potrzebuje, by czu\u0107 si\u0119 kochanym? Analiza por\u00f3wnawcza jest dla Was, je\u015bli:\u2022 pragniecie pog\u0142\u0119bi\u0107 relacj\u0119 i lepiej si\u0119 zrozumie\u0107,\u2022 chcecie przesta\u0107 si\u0119 rozmija\u0107, mimo mi\u0142o\u015bci i zaanga\u017cowania,\u2022 jeste\u015bcie w punkcie&hellip; <br \/> <a class=\"button small blue\" href=\"https:\/\/mocyoni.com\/index.php\/produkt\/analiza-porownawcza-komunikacja\/\">Dowiedz si\u0119 wi\u0119cej<\/a><\/p>\n","protected":false},"featured_media":32126,"template":"","meta":{"jetpack_post_was_ever_published":true,"jetpack_publicize_message":"","jetpack_publicize_feature_enabled":true,"jetpack_social_post_already_shared":true,"jetpack_social_options":{"image_generator_settings":{"template":"highway","default_image_id":0,"font":"","enabled":false},"version":2}},"product_brand":[],"product_cat":[61],"product_tag":[],"class_list":{"0":"post-32125","1":"product","2":"type-product","3":"status-publish","4":"has-post-thumbnail","6":"product_cat-terapia-online","8":"first","9":"instock","10":"virtual","11":"purchasable","12":"product-type-simple"},"jetpack_publicize_connections":[],"jetpack_sharing_enabled":true,"_links":{"self":[{"href":"https:\/\/mocyoni.com\/index.php\/wp-json\/wp\/v2\/product\/32125","targetHints":{"allow":["GET"]}}],"collection":[{"href":"https:\/\/mocyoni.com\/index.php\/wp-json\/wp\/v2\/product"}],"about":[{"href":"https:\/\/mocyoni.com\/index.php\/wp-json\/wp\/v2\/types\/product"}],"wp:featuredmedia":[{"embeddable":true,"href":"https:\/\/mocyoni.com\/index.php\/wp-json\/wp\/v2\/media\/32126"}],"wp:attachment":[{"href":"https:\/\/mocyoni.com\/index.php\/wp-json\/wp\/v2\/media?parent=32125"}],"wp:term":[{"taxonomy":"product_brand","embeddable":true,"href":"https:\/\/mocyoni.com\/index.php\/wp-json\/wp\/v2\/product_brand?post=32125"},{"taxonomy":"product_cat","embeddable":true,"href":"https:\/\/mocyoni.com\/index.php\/wp-json\/wp\/v2\/product_cat?post=32125"},{"taxonomy":"product_tag","embeddable":true,"href":"https:\/\/mocyoni.com\/index.php\/wp-json\/wp\/v2\/product_tag?post=32125"}],"curies":[{"name":"wp","href":"https:\/\/api.w.org\/{rel}","templated":true}]}}