{"id":32117,"date":"2025-08-03T15:03:08","date_gmt":"2025-08-03T13:03:08","guid":{"rendered":"https:\/\/mocyoni.com\/?post_type=product&#038;p=32117"},"modified":"2026-04-09T19:04:31","modified_gmt":"2026-04-09T17:04:31","slug":"konsultacja-astrologiczna-wizerunek-marka-osobista","status":"publish","type":"product","link":"https:\/\/mocyoni.com\/index.php\/produkt\/konsultacja-astrologiczna-wizerunek-marka-osobista\/","title":{"rendered":"Konsultacja astrologiczna: WIZERUNEK \u2022 MARKA OSOBISTA"},"content":{"rendered":"<h4 style=\"text-align: center;\" data-start=\"225\" data-end=\"255\">WIZERUNEK \u2022 MARKA OSOBISTA<\/h4>\n<p data-start=\"270\" data-end=\"418\"><strong data-start=\"270\" data-end=\"321\">Twoja marka osobista to przede wszystkim Twoja autentyczno\u015b\u0107 wyra\u017cona na zewn\u0105trz \u2014 w tym, jak m\u00f3wisz, jak si\u0119 prezentujesz i do kogo kierujesz sw\u00f3j przekaz.<\/strong><\/p>\n<p data-start=\"476\" data-end=\"661\">Czy zdarza Ci si\u0119, \u017ce mimo Twoich umiej\u0119tno\u015bci i warto\u015bci, nie czujesz, \u017ce ludzie Ci\u0119 rozumiej\u0105?<br data-start=\"576\" data-end=\"579\" \/>Albo masz poczucie, \u017ce Twoja prawdziwa si\u0142a i wyj\u0105tkowo\u015b\u0107 gdzie\u015b ginie w t\u0142umie?<\/p>\n<p data-start=\"663\" data-end=\"840\">To w\u0142a\u015bnie Tw\u00f3j wizerunek \u2014 to, jak prezentujesz siebie \u015bwiatu \u2014 decyduje o tym, kogo przyci\u0105gasz, jakie relacje budujesz i jakie mo\u017cliwo\u015bci zawodowe si\u0119 przed Tob\u0105 otwieraj\u0105. Brak jasno\u015bci, sp\u00f3jno\u015bci i \u015bwiadomego tworzenia swojej marki osobistej mo\u017ce powodowa\u0107 frustracj\u0119, brak satysfakcji i poczucie, \u017ce nie jeste\u015b widoczna tak, jak by\u015b chcia\u0142a.<\/p>\n<p data-start=\"1017\" data-end=\"1349\"><strong>Dlatego tak wa\u017cne jest, \u017ce podczas analizy odkryjesz:<\/strong><\/p>\n<p data-start=\"181\" data-end=\"851\">\u2022 swoj\u0105 unikaln\u0105 <strong>nisz\u0119 i warto\u015bci,<\/strong> kt\u00f3re wyr\u00f3\u017cniaj\u0105 Ci\u0119 na tle innych,<br data-start=\"251\" data-end=\"254\" \/>\u2022 jak aktywowa\u0107 swoich klient\u00f3w poprzez sw\u00f3j wizerunek &#8211; od stylu ubioru do dodatk\u00f3w<br data-start=\"336\" data-end=\"339\" \/>\u2022 profil Twoich idealnych odbiorc\u00f3w \u2014 kim s\u0105, czego potrzebuj\u0105 i jak do nich trafia\u0107,<br data-start=\"424\" data-end=\"427\" \/>\u2022 kluczowe<strong> tematy i obszary, kt\u00f3re rezonuj\u0105 z Twoj\u0105 mark\u0105<\/strong> i przyci\u0105gaj\u0105 w\u0142a\u015bciw\u0105 publiczno\u015b\u0107,<br data-start=\"520\" data-end=\"523\" data-is-only-node=\"\" \/>\u2022 spos\u00f3b <strong>komunikacji<\/strong>, kt\u00f3ry pozwala Ci by\u0107 autentyczn\u0105 i jednocze\u015bnie skuteczn\u0105,<br data-start=\"603\" data-end=\"606\" \/>\u2022 jak tworzy\u0107 sp\u00f3jny, wiarygodny i przyci\u0105gaj\u0105cy przekaz, kt\u00f3ry buduje zaufanie i relacje z klientami.<\/p>\n<h5 data-start=\"1623\" data-end=\"1660\">Twoja marka osobista to Twoja moc<\/h5>\n<p data-start=\"1662\" data-end=\"1836\">Dzi\u0119ki temu zyskasz klarowno\u015b\u0107, pewno\u015b\u0107 siebie, ale i realne narz\u0119dzia do budowania marki.<\/p>\n<p>&nbsp;<\/p>\n<h4 data-start=\"2156\" data-end=\"2209\"><strong>Jak wygl\u0105da odczyt kosmogramu?<\/strong><\/h4>\n<p data-start=\"2156\" data-end=\"2209\">Najpierw wybierasz form\u0119 spotkania, kt\u00f3ra najbardziej Ci odpowiada:<\/p>\n<ul>\n<li data-start=\"2156\" data-end=\"2209\">Online na \u017cywo &#8211; rozmowa, podczas kt\u00f3rej om\u00f3wimy Tw\u00f3j kosmogram i odpowiem na Twoje pytania<\/li>\n<li data-start=\"2156\" data-end=\"2209\">G\u0142os\u00f3wki \/ podcast o Tobie &#8211; nagrany dla Ciebie specjalnie materia\u0142, na kt\u00f3ry mo\u017cesz reagowa\u0107 i odpowiada\u0107 w swoim tempie<\/li>\n<\/ul>\n<p>Po odczycie otrzymasz PDF z najwa\u017cniejszymi informacjami dotycz\u0105cymi Twojej energetyki, kt\u00f3ry b\u0119dzie Twoim osobistym przewodnikiem po kosmogramie.<\/p>\n<p>&nbsp;<\/p>\n","protected":false},"excerpt":{"rendered":"<p>WIZERUNEK \u2022 MARKA OSOBISTA Twoja marka osobista to przede wszystkim Twoja autentyczno\u015b\u0107 wyra\u017cona na zewn\u0105trz \u2014 w tym, jak m\u00f3wisz, jak si\u0119 prezentujesz i do kogo kierujesz sw\u00f3j przekaz. Czy zdarza Ci si\u0119, \u017ce mimo Twoich umiej\u0119tno\u015bci i warto\u015bci, nie czujesz, \u017ce ludzie Ci\u0119 rozumiej\u0105?Albo masz poczucie, \u017ce Twoja prawdziwa si\u0142a i wyj\u0105tkowo\u015b\u0107 gdzie\u015b ginie&hellip; <br \/> <a class=\"button small blue\" href=\"https:\/\/mocyoni.com\/index.php\/produkt\/konsultacja-astrologiczna-wizerunek-marka-osobista\/\">Dowiedz si\u0119 wi\u0119cej<\/a><\/p>\n","protected":false},"featured_media":32120,"template":"","meta":{"jetpack_post_was_ever_published":true,"jetpack_publicize_message":"","jetpack_publicize_feature_enabled":true,"jetpack_social_post_already_shared":true,"jetpack_social_options":{"image_generator_settings":{"template":"highway","default_image_id":0,"font":"","enabled":false},"version":2}},"product_brand":[],"product_cat":[61],"product_tag":[],"class_list":{"0":"post-32117","1":"product","2":"type-product","3":"status-publish","4":"has-post-thumbnail","6":"product_cat-terapia-online","8":"first","9":"instock","10":"virtual","11":"purchasable","12":"product-type-simple"},"jetpack_publicize_connections":[],"jetpack_sharing_enabled":true,"_links":{"self":[{"href":"https:\/\/mocyoni.com\/index.php\/wp-json\/wp\/v2\/product\/32117","targetHints":{"allow":["GET"]}}],"collection":[{"href":"https:\/\/mocyoni.com\/index.php\/wp-json\/wp\/v2\/product"}],"about":[{"href":"https:\/\/mocyoni.com\/index.php\/wp-json\/wp\/v2\/types\/product"}],"wp:featuredmedia":[{"embeddable":true,"href":"https:\/\/mocyoni.com\/index.php\/wp-json\/wp\/v2\/media\/32120"}],"wp:attachment":[{"href":"https:\/\/mocyoni.com\/index.php\/wp-json\/wp\/v2\/media?parent=32117"}],"wp:term":[{"taxonomy":"product_brand","embeddable":true,"href":"https:\/\/mocyoni.com\/index.php\/wp-json\/wp\/v2\/product_brand?post=32117"},{"taxonomy":"product_cat","embeddable":true,"href":"https:\/\/mocyoni.com\/index.php\/wp-json\/wp\/v2\/product_cat?post=32117"},{"taxonomy":"product_tag","embeddable":true,"href":"https:\/\/mocyoni.com\/index.php\/wp-json\/wp\/v2\/product_tag?post=32117"}],"curies":[{"name":"wp","href":"https:\/\/api.w.org\/{rel}","templated":true}]}}