{"id":32113,"date":"2025-08-03T13:12:39","date_gmt":"2025-08-03T11:12:39","guid":{"rendered":"https:\/\/mocyoni.com\/?post_type=product&#038;p=32113"},"modified":"2026-04-09T19:05:04","modified_gmt":"2026-04-09T17:05:04","slug":"konsultacja-astrologiczna-powolanie-zawod-finanse","status":"publish","type":"product","link":"https:\/\/mocyoni.com\/index.php\/produkt\/konsultacja-astrologiczna-powolanie-zawod-finanse\/","title":{"rendered":"Konsultacja astrologiczna: POWO\u0141ANIE \u2022 ZAW\u00d3D \u2022 FINANSE"},"content":{"rendered":"<h4 style=\"text-align: center;\" data-start=\"225\" data-end=\"255\">POWO\u0141ANIE \u2022 ZAW\u00d3D \u2022 FINANSE<\/h4>\n<p data-start=\"270\" data-end=\"418\"><strong data-start=\"270\" data-end=\"321\">Pragniesz czu\u0107, \u017ce Twoja praca ma warto\u015b\u0107 i chcesz spojrze\u0107 na ten temat z innej perspektywy?<\/strong><br data-start=\"321\" data-end=\"324\" \/>Chcesz, aby praca dawa\u0142a Ci poczucie sensu, przestrzeni na ekspresj\u0119 siebie i finansow\u0105 niezale\u017cno\u015b\u0107?<\/p>\n<p data-start=\"453\" data-end=\"490\"><strong>Ten odczyt jest dla Ciebie, je\u015bli:<\/strong><\/p>\n<p data-start=\"492\" data-end=\"1092\">\u2022 chcesz czu\u0107, \u017ce Twoja <strong>praca ma warto\u015b\u0107<\/strong> i jest przed\u0142u\u017ceniem Ciebie<br data-start=\"549\" data-end=\"552\" \/>\u2022 pragniesz zarabia\u0107 i dzia\u0142a\u0107 zgodnie ze sob\u0105, a nie narzuconych schemat\u00f3w<br data-start=\"633\" data-end=\"636\" \/>\u2022 czujesz, \u017ce nadszed\u0142 czas na rozwini\u0119cie zawodowej ekspresji,<br data-start=\"727\" data-end=\"730\" \/>\u2022 potrzebujesz g\u0142\u0119bokiego wgl\u0105du w <strong>obszar zawodowo-finansowy<\/strong> oraz drogowskazu, w kt\u00f3r\u0105 stron\u0119 pod\u0105\u017ca\u0107,<br data-start=\"851\" data-end=\"854\" \/>\u2022 chcesz spojrze\u0107 na swoje powo\u0142anie z innej, nowej perspektywy<br data-start=\"949\" data-end=\"952\" \/>\u2022 stoisz na rozdro\u017cu i chcesz <strong>\u015bwiadomie wybra\u0107 kierunek<\/strong> dalszego rozwoju,<br data-start=\"1022\" data-end=\"1025\" \/>\u2022 pragniesz po\u0142\u0105czy\u0107 powo\u0142anie, warto\u015bci i zarabianie w sp\u00f3jn\u0105 ca\u0142o\u015b\u0107.<\/p>\n<p data-start=\"1094\" data-end=\"1124\"><strong>Podczas analizy odkryjesz:<\/strong><\/p>\n<p data-start=\"1126\" data-end=\"1666\">\u2022 swoje aktualne powo\u0142anie i najlepsz\u0105 \u015bcie\u017ck\u0119 zawodow\u0105 na ten moment \u017cycia,<br data-start=\"1202\" data-end=\"1205\" \/>\u2022 naturalne talenty i styl dzia\u0142ania, kt\u00f3ry wspiera Twoj\u0105 ekspresj\u0119,<br data-start=\"1273\" data-end=\"1276\" \/>\u2022 sposoby realizacji zawodowej: praca zespo\u0142owa, struktura korporacyjna, niezale\u017cna \u015bcie\u017cka (freelance, biznes),<br data-start=\"1397\" data-end=\"1400\" \/>\u2022 jakie \u015brodowisko i rytm pracy sprzyjaj\u0105 Twojej motywacji, koncentracji i poczuciu sensu,<br data-start=\"1490\" data-end=\"1493\" \/>\u2022 strategi\u0119 i potencja\u0142 finansowy,<br data-start=\"1563\" data-end=\"1566\" \/>\u2022 jak wsp\u00f3\u0142pracowa\u0107 z innymi i korzysta\u0107 z zasob\u00f3w, kt\u00f3re przynosi relacja, inwestycja, partnerstwo.<\/p>\n<p data-start=\"1698\" data-end=\"1959\"><strong>Sensem \u017cycia jest przypomnienie sobie kim naprawd\u0119 si\u0119 jest i \u017cy\u0107 w zgodzie ze sob\u0105.<\/strong><\/p>\n<h4 data-start=\"2156\" data-end=\"2209\"><strong>Jak wygl\u0105da odczyt kosmogramu?<\/strong><\/h4>\n<p data-start=\"2156\" data-end=\"2209\">Najpierw wybierasz form\u0119 spotkania, kt\u00f3ra najbardziej Ci odpowiada:<\/p>\n<ul>\n<li data-start=\"2156\" data-end=\"2209\">Online na \u017cywo &#8211; rozmowa, podczas kt\u00f3rej om\u00f3wimy Tw\u00f3j kosmogram i odpowiem na Twoje pytania<\/li>\n<li data-start=\"2156\" data-end=\"2209\">G\u0142os\u00f3wki \/ podcast o Tobie &#8211; nagrany dla Ciebie specjalnie materia\u0142, na kt\u00f3ry mo\u017cesz reagowa\u0107 i odpowiada\u0107 w swoim tempie<\/li>\n<\/ul>\n<p>Po odczycie otrzymasz PDF z najwa\u017cniejszymi informacjami dotycz\u0105cymi Twojej energetyki, kt\u00f3ry b\u0119dzie Twoim osobistym przewodnikiem po kosmogramie.<\/p>\n<p>&nbsp;<\/p>\n","protected":false},"excerpt":{"rendered":"<p>POWO\u0141ANIE \u2022 ZAW\u00d3D \u2022 FINANSE Pragniesz czu\u0107, \u017ce Twoja praca ma warto\u015b\u0107 i chcesz spojrze\u0107 na ten temat z innej perspektywy?Chcesz, aby praca dawa\u0142a Ci poczucie sensu, przestrzeni na ekspresj\u0119 siebie i finansow\u0105 niezale\u017cno\u015b\u0107? Ten odczyt jest dla Ciebie, je\u015bli: \u2022 chcesz czu\u0107, \u017ce Twoja praca ma warto\u015b\u0107 i jest przed\u0142u\u017ceniem Ciebie\u2022 pragniesz zarabia\u0107 i&hellip; <br \/> <a class=\"button small blue\" href=\"https:\/\/mocyoni.com\/index.php\/produkt\/konsultacja-astrologiczna-powolanie-zawod-finanse\/\">Dowiedz si\u0119 wi\u0119cej<\/a><\/p>\n","protected":false},"featured_media":32114,"template":"","meta":{"jetpack_post_was_ever_published":true,"jetpack_publicize_message":"","jetpack_publicize_feature_enabled":true,"jetpack_social_post_already_shared":true,"jetpack_social_options":{"image_generator_settings":{"template":"highway","default_image_id":0,"font":"","enabled":false},"version":2}},"product_brand":[],"product_cat":[61],"product_tag":[],"class_list":{"0":"post-32113","1":"product","2":"type-product","3":"status-publish","4":"has-post-thumbnail","6":"product_cat-terapia-online","8":"first","9":"instock","10":"virtual","11":"purchasable","12":"product-type-simple"},"jetpack_publicize_connections":[],"jetpack_sharing_enabled":true,"_links":{"self":[{"href":"https:\/\/mocyoni.com\/index.php\/wp-json\/wp\/v2\/product\/32113","targetHints":{"allow":["GET"]}}],"collection":[{"href":"https:\/\/mocyoni.com\/index.php\/wp-json\/wp\/v2\/product"}],"about":[{"href":"https:\/\/mocyoni.com\/index.php\/wp-json\/wp\/v2\/types\/product"}],"wp:featuredmedia":[{"embeddable":true,"href":"https:\/\/mocyoni.com\/index.php\/wp-json\/wp\/v2\/media\/32114"}],"wp:attachment":[{"href":"https:\/\/mocyoni.com\/index.php\/wp-json\/wp\/v2\/media?parent=32113"}],"wp:term":[{"taxonomy":"product_brand","embeddable":true,"href":"https:\/\/mocyoni.com\/index.php\/wp-json\/wp\/v2\/product_brand?post=32113"},{"taxonomy":"product_cat","embeddable":true,"href":"https:\/\/mocyoni.com\/index.php\/wp-json\/wp\/v2\/product_cat?post=32113"},{"taxonomy":"product_tag","embeddable":true,"href":"https:\/\/mocyoni.com\/index.php\/wp-json\/wp\/v2\/product_tag?post=32113"}],"curies":[{"name":"wp","href":"https:\/\/api.w.org\/{rel}","templated":true}]}}