{"id":31995,"date":"2025-04-07T12:58:40","date_gmt":"2025-04-07T10:58:40","guid":{"rendered":"https:\/\/mocyoni.com\/?post_type=product&#038;p=31995"},"modified":"2026-04-04T04:36:40","modified_gmt":"2026-04-04T02:36:40","slug":"decyzje-z-mocy-pierwszy-krok-wyjscia-do-swiata","status":"publish","type":"product","link":"https:\/\/mocyoni.com\/index.php\/produkt\/decyzje-z-mocy-pierwszy-krok-wyjscia-do-swiata\/","title":{"rendered":"Decyzje z Mocy \u2013 pierwszy krok wyj\u015bcia do \u015bwiata"},"content":{"rendered":"<div dir=\"auto\"><\/div>\n<blockquote>\n<div dir=\"auto\"><strong>Decyzje z Mocy to pierwszy krok do wyj\u015bcia do \u015bwiata!<\/strong><br data-start=\"402\" data-end=\"405\" \/><strong>Podejmowanie decyzji z przestrzeni spokoju, mocy i zaufania zamiast l\u0119ku, zamro\u017cenia i perfekcjonizmu to NAJWA\u017bNIEJSZA UMIEJ\u0118TNO\u015a\u0106, kt\u00f3ra umo\u017cliwi Ci czu\u0107 zaufanie do siebie, a tym samym odwa\u017cnym tworzeniem swojej rzeczywisto\u015bci.<\/strong><\/div>\n<\/blockquote>\n<div dir=\"auto\"><\/div>\n<div dir=\"auto\">\n<p class=\"\" data-start=\"184\" data-end=\"339\"><strong data-start=\"184\" data-end=\"253\">Jeste\u015b kobiet\u0105, kt\u00f3ra codziennie podejmuje wiele wa\u017cnych decyzji.<\/strong><br data-start=\"253\" data-end=\"256\" \/>Ale pragniesz, by te decyzje p\u0142yn\u0119\u0142y z pewno\u015bci.<br data-start=\"304\" data-end=\"307\" \/>Z zaufania.<br data-start=\"318\" data-end=\"321\" \/>Z otwartego serca.<\/p>\n<p class=\"\" data-start=\"341\" data-end=\"553\"><strong data-start=\"341\" data-end=\"404\">Potrafisz si\u0119 spi\u0105\u0107 i dzia\u0142a\u0107, nawet w najwi\u0119kszym stresie.<\/strong><br data-start=\"404\" data-end=\"407\" \/>Ale w g\u0142\u0119bi czujesz t\u0119sknot\u0119, by Tw\u00f3j uk\u0142ad nerwowy obj\u0105\u0142 wi\u0119cej.<br data-start=\"472\" data-end=\"475\" \/>By decyzje wyp\u0142ywa\u0142y z g\u0142\u0119bokiego TAK.<br data-start=\"513\" data-end=\"516\" \/>Z ekscytacji. Z po\u0142\u0105czenia. Z prawdy.<\/p>\n<p class=\"\" data-start=\"555\" data-end=\"766\"><strong data-start=\"555\" data-end=\"583\">Masz buntownicz\u0105 natur\u0119.<\/strong><br data-start=\"583\" data-end=\"586\" \/>Lubisz stawa\u0107 po swojemu.<br data-start=\"611\" data-end=\"614\" \/>Ale&#8230; jest te\u017c w Tobie ta cz\u0119\u015b\u0107, kt\u00f3ra ma ju\u017c do\u015b\u0107 walki.<br data-start=\"672\" data-end=\"675\" \/>Kt\u00f3ra pragnie innego sposobu.<br data-start=\"704\" data-end=\"707\" \/>Kt\u00f3ra pragnie oddechu, lekko\u015bci, w\u0142asnych granic bez mur\u00f3w.<\/p>\n<p class=\"\" data-start=\"768\" data-end=\"930\"><strong data-start=\"768\" data-end=\"809\">Chcesz podejmowa\u0107 decyzje bez presji.<\/strong><br data-start=\"809\" data-end=\"812\" \/>Bez naginania si\u0119 do cudzych oczekiwa\u0144.<br data-start=\"851\" data-end=\"854\" \/>Z poziomu swojego cia\u0142a.<br data-start=\"878\" data-end=\"881\" \/>Z poziomu duszy.<br data-start=\"897\" data-end=\"900\" \/>Z poziomu po\u0142\u0105czenia z Bogiem.<\/p>\n<p class=\"\" data-start=\"932\" data-end=\"997\"><strong data-start=\"932\" data-end=\"964\">To nagranie jest dla Ciebie.<\/strong><br data-start=\"964\" data-end=\"967\" \/>Tutaj staniesz si\u0119 t\u0105 kobiet\u0105.<\/p>\n<\/div>\n<div dir=\"auto\"><\/div>\n<h4 dir=\"auto\">Decyzje z Mocy mog\u0105 p\u0142yn\u0105\u0107 w zgodzie z cia\u0142em, by\u0107 lekkie i ekscytuj\u0105ce!<\/h4>\n<p>Wi\u0119kszo\u015b\u0107 kobiet zna bardzo dobrze \u015bcisk w \u017co\u0142\u0105dku i &#8222;przekraczanie si\u0119&#8221;, gdy musz\u0105 podejmowa\u0107 odwa\u017cne decyzje maj\u0105ce wp\u0142yw na ich \u017cycie. Ale nikt ich nie uczy, \u017ce tak naprawd\u0119 przed ogromn\u0105 decyzj\u0105 jest mo\u017cliwo\u015b\u0107 podj\u0105\u0107 kilka micro krok\u00f3w, kt\u00f3re potrafi\u0105 przetransformowa\u0107 chaos w ca\u0142kowicie nowe rozwi\u0105zania. Poka\u017ce Ci, jak to zrobi\u0107, aby Twoje zaufanie do siebie i mo\u017cliwo\u015bci kierowania tego \u015bwiata wzros\u0142y na kolejny poziom.<\/p>\n<h5>Ten audiotrening jest dla Ciebie, je\u015bli:<\/h5>\n<p>\u2022 jeste\u015b w <strong>momencie decyzji,<\/strong> czujesz presj\u0119 decyzji i parali\u017c w ciele,<br \/>\n\u2022 <strong>widzisz tylko dwie opcje<\/strong> &#8211; obie kosztuj\u0105co Ci\u0119 za du\u017co<br \/>\n\u2022 chcesz uczy\u0107 si\u0119 podejmowa\u0107 decyzje <strong>z czu\u0142o\u015bci\u0105<\/strong> do swojego uk\u0142adu nerwowego,<br \/>\n\u2022 <strong>chcesz ruszy\u0107 z now\u0105 mark\u0105, nowym \u017cyciem<\/strong>, nowym etapem \u2013 ale boisz si\u0119, \u017ce nie uniesiesz zmiany<br \/>\n\u2022 chcesz budowa\u0107 \u017cycie w zgodzie z dusz\u0105, ale z <strong data-start=\"1947\" data-end=\"1985\">praktycznym zakorzenieniem w ciele<\/strong><\/p>\n<p>.<\/p>\n<p>.<\/p>\n<p>Przygotowa\u0142am dla Ciebie ten audiotrening, aby\u015b mog\u0142a wykona\u0107 JU\u017b TERAZ <strong>s<\/strong><strong data-start=\"1509\" data-end=\"1568\">w\u00f3j pierwszy krok do widoczno\u015bci, do zaufania, do mocy<\/strong>. Nie musisz robi\u0107 rewolucji. Wystarczy, \u017ce zaczniesz i\u015b\u0107.<\/p>\n<p><b>W tym audiotreningu:<\/b><\/p>\n<ul>\n<li class=\"\" data-start=\"801\" data-end=\"878\">\n<p class=\"\" data-start=\"803\" data-end=\"878\">ucz\u0119 Ci\u0119, jak podejmowa\u0107 decyzje bez parali\u017cu, <strong data-start=\"836\" data-end=\"875\">w zgodzie ze swoim uk\u0142adem nerwowym<\/strong>,<\/p>\n<\/li>\n<li class=\"\" data-start=\"879\" data-end=\"956\">\n<p class=\"\" data-start=\"881\" data-end=\"956\">poczujesz w ciele, \u017ce <strong data-start=\"1293\" data-end=\"1337\">lekko\u015b\u0107 mo\u017ce by\u0107 Twoj\u0105 strategi\u0105 sukcesu<\/strong>,<\/p>\n<\/li>\n<li class=\"\" data-start=\"879\" data-end=\"956\">\n<p class=\"\" data-start=\"881\" data-end=\"956\"><span style=\"font-size: inherit;font-style: inherit;font-weight: inherit\">nauczysz si\u0119 rozpoznawa\u0107, kiedy dzia\u0142asz z napi\u0119cia, a kiedy z mocy,<\/span><\/p>\n<\/li>\n<li class=\"\" data-start=\"879\" data-end=\"956\">\n<p class=\"\" data-start=\"881\" data-end=\"956\"><span style=\"font-size: inherit;font-style: inherit;font-weight: inherit\">zbudujesz <\/span><strong style=\"font-family: inherit;font-size: inherit;font-style: inherit\" data-start=\"1426\" data-end=\"1457\">g\u0142\u0119bokie zaufanie do siebie<\/strong><span style=\"font-size: inherit;font-style: inherit;font-weight: inherit\"> \u2013 kt\u00f3re pozwoli Ci i\u015b\u0107 dalej bez dramat\u00f3w,<\/span><\/p>\n<\/li>\n<li class=\"\" data-start=\"879\" data-end=\"956\">\n<p class=\"\" data-start=\"881\" data-end=\"956\"><span style=\"font-size: inherit;font-style: inherit;font-weight: inherit\">zobaczysz, \u017ce nie musisz mie\u0107 ca\u0142ej odpowiedzi, by ruszy\u0107 \u2013 wystarczy jeden ma\u0142y krok.<\/span><\/p>\n<\/li>\n<\/ul>\n<p>&nbsp;<\/p>\n<div dir=\"auto\">\n<p class=\"\" data-start=\"1630\" data-end=\"1680\"><strong data-start=\"1630\" data-end=\"1680\">To Ty b\u0105d\u017a swoim zaufaniem, m\u0105dro\u015bci\u0105 i moc\u0105. Reszta przyjdzie za Tob\u0105.<\/strong><\/p>\n<\/div>\n<div class=\"x11i5rnm xat24cr x1mh8g0r x1vvkbs xtlvy1s x126k92a\">\n<div dir=\"auto\"><\/div>\n<\/div>\n<p><strong>W jaki spos\u00f3b pracujemy?<\/strong><\/p>\n<p>Zapis audiotreningu na dedykowanej platformie na zawsze \u2013 <strong>ogl\u0105dasz, kiedy chcesz.<\/strong><\/p>\n<p>&nbsp;<\/p>\n<p>&nbsp;<\/p>\n","protected":false},"excerpt":{"rendered":"<div class=\"x11i5rnm xat24cr x1mh8g0r x1vvkbs xtlvy1s x126k92a\">\n<h5 dir=\"auto\"><strong>Tw\u00f3rz nowe mo\u017cliwo\u015bci<\/strong><\/h5>\n<div dir=\"auto\"><strong>Zobacz, \u017ce nie musisz mie\u0107 ca\u0142ej odpowiedzi, by ruszy\u0107 \u2013 wystarczy jeden ma\u0142y krok.<\/strong><\/div>\n<div dir=\"auto\">Decyzja z Mocy, kt\u00f3ra porusza lawin\u0119 innych mo\u017cliwo\u015bci.<\/div>\n<div dir=\"auto\"><\/div>\n<\/div>\n","protected":false},"featured_media":31997,"template":"","meta":{"jetpack_post_was_ever_published":true,"jetpack_publicize_message":"","jetpack_publicize_feature_enabled":true,"jetpack_social_post_already_shared":true,"jetpack_social_options":{"image_generator_settings":{"template":"highway","default_image_id":0,"font":"","enabled":false},"version":2}},"product_brand":[],"product_cat":[69],"product_tag":[],"class_list":{"0":"post-31995","1":"product","2":"type-product","3":"status-publish","4":"has-post-thumbnail","6":"product_cat-kursy","8":"first","9":"instock","10":"virtual","11":"purchasable","12":"product-type-simple"},"jetpack_publicize_connections":[],"jetpack_sharing_enabled":true,"_links":{"self":[{"href":"https:\/\/mocyoni.com\/index.php\/wp-json\/wp\/v2\/product\/31995","targetHints":{"allow":["GET"]}}],"collection":[{"href":"https:\/\/mocyoni.com\/index.php\/wp-json\/wp\/v2\/product"}],"about":[{"href":"https:\/\/mocyoni.com\/index.php\/wp-json\/wp\/v2\/types\/product"}],"wp:featuredmedia":[{"embeddable":true,"href":"https:\/\/mocyoni.com\/index.php\/wp-json\/wp\/v2\/media\/31997"}],"wp:attachment":[{"href":"https:\/\/mocyoni.com\/index.php\/wp-json\/wp\/v2\/media?parent=31995"}],"wp:term":[{"taxonomy":"product_brand","embeddable":true,"href":"https:\/\/mocyoni.com\/index.php\/wp-json\/wp\/v2\/product_brand?post=31995"},{"taxonomy":"product_cat","embeddable":true,"href":"https:\/\/mocyoni.com\/index.php\/wp-json\/wp\/v2\/product_cat?post=31995"},{"taxonomy":"product_tag","embeddable":true,"href":"https:\/\/mocyoni.com\/index.php\/wp-json\/wp\/v2\/product_tag?post=31995"}],"curies":[{"name":"wp","href":"https:\/\/api.w.org\/{rel}","templated":true}]}}