{"id":31977,"date":"2025-03-17T18:24:12","date_gmt":"2025-03-17T17:24:12","guid":{"rendered":"https:\/\/mocyoni.com\/?post_type=product&#038;p=31977"},"modified":"2026-04-09T18:54:51","modified_gmt":"2026-04-09T16:54:51","slug":"konsultacja-2","status":"publish","type":"product","link":"https:\/\/mocyoni.com\/index.php\/produkt\/konsultacja-2\/","title":{"rendered":"Konsultacja: Praca z pod\u015bwiadomo\u015bci\u0105 i ustawieniami energetycznymi"},"content":{"rendered":"<h4 class=\"cvGsUA direction-ltr align-center para-style-body\" style=\"text-align: center;\"><strong><span class=\"OYPEnA font-feature-liga-off font-feature-clig-off font-feature-calt-off text-decoration-none text-strikethrough-none\">Odkryj w sobie \u017ar\u00f3d\u0142o ukojenia, przyjemno\u015bci i mi\u0142o\u015bci<\/span><\/strong><\/h4>\n<p>Zajrzymy razem w g\u0142\u0105b Ciebie \u2014 w Twojej pod\u015bwiadomo\u015bci i polu informacji odkryjemy wszystko, co potrzebujesz obecnie, aby przetransformowa\u0107 blokady i sta\u0107 si\u0119 \u017ar\u00f3d\u0142em ukojenia, przyjemno\u015bci i mi\u0142o\u015bci w swoim \u017cyciu. Wykorzystuj\u0119 wszystkie narz\u0119dzia i metody, kt\u00f3re prowadz\u0105 Ci\u0119 do trwa\u0142ych zmian, prze\u0142om\u00f3w i uciele\u015bnionej wolno\u015bci.<\/p>\n<p data-start=\"455\" data-end=\"644\">Aby otworzy\u0107 si\u0119 na to, czego naprawd\u0119 pragniesz, Twoje cia\u0142o i uk\u0142ad nerwowy musz\u0105 poczu\u0107 si\u0119 bezpiecznie. Dop\u00f3ki nie osi\u0105gniesz tego stanu, zmiany mog\u0105 wydawa\u0107 si\u0119 niestabilne lub ulotne.<\/p>\n<p data-start=\"646\" data-end=\"833\">Ale gdy pokochasz siebie, a wi\u0119c te\u017c poczujesz ulg\u0119 i spok\u00f3j zwi\u0105zan\u0105 z dzieci\u0144stwem \u2014 wtedy wszystko zacznie si\u0119 zmienia\u0107. Bo prawdziwa przemiana zaczyna si\u0119 od ukojenia, od zaufania do siebie i pozwolenia na bycie sob\u0105 bez maski, bez presji.<\/p>\n<p data-start=\"835\" data-end=\"929\">Zapraszam Ci\u0119 na t\u0105 podr\u00f3\u017c do wn\u0119trza, gdzie czeka na Ciebie \u017ar\u00f3d\u0142o prawdziwej mocy, ulgi i spokoju.<\/p>\n<p data-start=\"835\" data-end=\"929\"><strong>Po sesji 1:1 wiesz jakich narz\u0119dzi u\u017cywa\u0107, aby wprowadzana zmiana sta\u0142a si\u0119 Twoj\u0105 to\u017csamo\u015bci\u0105.<\/strong><\/p>\n<p data-start=\"835\" data-end=\"929\">Spotkanie odbywa si\u0119 przez wybrany komunikator. Czas trwania to 1-1,5h.<\/p>\n<h4 style=\"text-align: center;\"><\/h4>\n<div class=\"flex max-w-full flex-col flex-grow\">\n<div class=\"min-h-[20px] text-message flex w-full flex-col items-end gap-2 break-words [.text-message+&amp;]:mt-5 overflow-x-auto whitespace-normal\" dir=\"auto\" data-message-author-role=\"assistant\" data-message-id=\"90161fce-6ea1-4dff-832d-460b52734d7d\">\n<div class=\"flex w-full flex-col gap-1 empty:hidden first:pt-[3px]\">\n<div class=\"markdown prose w-full break-words dark:prose-invert light\">\n<h4 style=\"text-align: center;\"><strong>Zamiast uczy\u0107 si\u0119 by\u0107 kim\u015b innym, odkryj i wzmocnij swoje autentyczne ja.<\/strong><\/h4>\n<\/div>\n<\/div>\n<\/div>\n<\/div>\n<p>&nbsp;<\/p>\n<p data-start=\"0\" data-end=\"45\"><strong data-start=\"0\" data-end=\"43\">Klauzula dotycz\u0105ca sesji energetycznych<\/strong><\/p>\n<p data-start=\"47\" data-end=\"310\">Informacje oraz us\u0142ugi oferowane w ramach sesji energetycznych maj\u0105 charakter wspieraj\u0105cy i rozwojowy. Nie stanowi\u0105 one substytutu profesjonalnej porady medycznej, terapii psychologicznej, diagnozy ani leczenia prowadzonego przez wykwalifikowanych specjalist\u00f3w. W przypadku problem\u00f3w zdrowotnych, zar\u00f3wno fizycznych, jak i psychicznych, zaleca si\u0119\u00a0<strong data-start=\"629\" data-end=\"681\">konsultacj\u0119 z odpowiednim lekarzem lub terapeut\u0105<\/strong>. Korzystanie z sesji jest\u00a0<strong data-start=\"708\" data-end=\"722\">dobrowolne<\/strong>\u00a0i odbywa si\u0119 na w\u0142asn\u0105 odpowiedzialno\u015b\u0107 uczestnika.<\/p>\n","protected":false},"excerpt":{"rendered":"<p><strong>Stw\u00f3rz ze swojego \u017cycia dzie\u0142o sztuki!<\/strong><\/p>\n<ul class=\"wp-block-list\">\n<li style=\"margin: 0px; padding: 0px; border: 0px; font-size: inherit; vertical-align: baseline; font-style: inherit; font-weight: inherit; line-height: inherit; font-family: inherit;\"><strong style=\"margin: 0px; padding: 0px; border: 0px; font-size: 18px; vertical-align: baseline;\">Rozbudzimy Twoj\u0105 kobieco\u015b\u0107 i p\u0142odno\u015b\u0107<\/strong><span class=\"Apple-converted-space\">\u00a0<\/span>\u2013 Odkryjesz czym jest energia seksualna i jak pi\u0119knie wr\u00f3ci\u0107 do koj\u0105cej, mi\u0119kkiej przestrzeni kobieco\u015bci, kt\u00f3ra dodaje przyjemno\u015bci i wolno\u015bci.<\/li>\n<li style=\"margin: 0px; padding: 0px; border: 0px; font-size: inherit; vertical-align: baseline; font-style: inherit; font-weight: inherit; line-height: inherit; font-family: inherit;\"><strong style=\"margin: 0px; padding: 0px; border: 0px; font-size: 18px; vertical-align: baseline;\">Zaprosisz wymarzon\u0105 Dusz\u0119 do Waszej Rodziny<\/strong><span class=\"Apple-converted-space\">\u00a0<\/span>\u2013 Pomog\u0119 Ci otworzy\u0107 serce i cia\u0142o na nowe \u017cycie, uzdrawiaj\u0105c emocjonalne i energetyczne blokady. Poczujesz si\u0119 bezpiecznie na poziomie cia\u0142a, duszy i umys\u0142u do bycia mam\u0105.<\/li>\n<li style=\"margin: 0px; padding: 0px; border: 0px; font-size: inherit; vertical-align: baseline; font-style: inherit; font-weight: inherit; line-height: inherit; font-family: inherit;\"><strong style=\"margin: 0px; padding: 0px; border: 0px; font-size: 18px; vertical-align: baseline;\">Aktywujemy kreatywno\u015b\u0107<span class=\"Apple-converted-space\">\u00a0<\/span><\/strong>\u2013 Buduj\u0105c swoje poczucie bezpiecze\u0144stwa i zaufanie do siebie rozpoczniesz wyra\u017ca\u0107 siebie w pe\u0142ni i przyjmowa\u0107 si\u0119 tak\u0105, jak\u0105 jeste\u015b. Dzi\u0119ki temu przep\u0142yw pomys\u0142\u00f3w, mo\u017cliwo\u015bci i finans\u00f3w zacznie p\u0142yn\u0105\u0107 jak rw\u0105ca rzeka.<\/li>\n<li style=\"margin: 0px; padding: 0px; border: 0px; font-size: inherit; vertical-align: baseline; font-style: inherit; font-weight: inherit; line-height: inherit; font-family: inherit;\"><strong style=\"margin: 0px; padding: 0px; border: 0px; font-size: 18px; vertical-align: baseline;\">Zaczniesz odczuwa\u0107 przyjemno\u015b\u0107<\/strong><span class=\"Apple-converted-space\">\u00a0<\/span><strong style=\"margin: 0px; padding: 0px; border: 0px; font-size: 18px; vertical-align: baseline;\">poprzez cia\u0142o<\/strong><span class=\"Apple-converted-space\">\u00a0<\/span>\u2013 Twoje cia\u0142o stanie si\u0119 Twoim przewodnikiem i \u017ar\u00f3d\u0142em spokoju. Nauczysz si\u0119 ws\u0142uchiwa\u0107 w jego opowie\u015b\u0107, pragnienia, potrzeby oraz czerpa\u0107 rado\u015b\u0107 z chwili tu i teraz. To cia\u0142o pozwala na do\u015bwiadczanie \u017cycia \u2013 w ko\u0144cu Ty pozwolisz sobie czerpa\u0107 z tej mo\u017cliwo\u015bci.<\/li>\n<li style=\"margin: 0px; padding: 0px; border: 0px; font-size: inherit; vertical-align: baseline; font-style: inherit; font-weight: inherit; line-height: inherit; font-family: inherit;\"><strong style=\"margin: 0px; padding: 0px; border: 0px; font-size: 18px; vertical-align: baseline;\">Wyjdziesz na kolejny poziom tworzenia biznesu z lekko\u015bci\u0105 i przep\u0142ywem<\/strong><span class=\"Apple-converted-space\">\u00a0<\/span>\u2013 Twoja praca przestanie by\u0107 ci\u0119\u017carem. Nauczysz si\u0119 przyci\u0105ga\u0107 idealnych klient\u00f3w i odpu\u015bcisz l\u0119k, \u017ce to pieni\u0105dze zapewniaj\u0105 Twoje by\u0107, albo nie by\u0107.<\/li>\n<li style=\"margin: 0px; padding: 0px; border: 0px; font-size: inherit; vertical-align: baseline; font-style: inherit; font-weight: inherit; line-height: inherit; font-family: inherit;\"><strong style=\"margin: 0px; padding: 0px; border: 0px; font-size: 18px; vertical-align: baseline;\">Uwolnimy Twoje blokady<\/strong><span class=\"Apple-converted-space\">\u00a0<\/span><strong style=\"margin: 0px; padding: 0px; border: 0px; font-size: 18px; vertical-align: baseline;\">zwi\u0105zane z seksualno\u015bci\u0105, kobieco\u015bci\u0105 i p\u0142odno\u015bci\u0105<span class=\"Apple-converted-space\">\u00a0<\/span><\/strong>\u2013 Traumy, przekonania czy schematy, kt\u00f3re Ci\u0119 ograniczaj\u0105 przestan\u0105 mie\u0107 nad Tob\u0105 w\u0142adz\u0119. Otworzysz si\u0119 na \u017cycie bez strachu i wstydu.<\/li>\n<\/ul>\n","protected":false},"featured_media":32111,"template":"","meta":{"jetpack_post_was_ever_published":true,"jetpack_publicize_message":"","jetpack_publicize_feature_enabled":true,"jetpack_social_post_already_shared":true,"jetpack_social_options":{"image_generator_settings":{"template":"highway","default_image_id":0,"font":"","enabled":false},"version":2}},"product_brand":[],"product_cat":[61],"product_tag":[],"class_list":{"0":"post-31977","1":"product","2":"type-product","3":"status-publish","4":"has-post-thumbnail","6":"product_cat-terapia-online","8":"first","9":"instock","10":"virtual","11":"purchasable","12":"product-type-simple"},"jetpack_publicize_connections":[],"jetpack_sharing_enabled":true,"_links":{"self":[{"href":"https:\/\/mocyoni.com\/index.php\/wp-json\/wp\/v2\/product\/31977","targetHints":{"allow":["GET"]}}],"collection":[{"href":"https:\/\/mocyoni.com\/index.php\/wp-json\/wp\/v2\/product"}],"about":[{"href":"https:\/\/mocyoni.com\/index.php\/wp-json\/wp\/v2\/types\/product"}],"wp:featuredmedia":[{"embeddable":true,"href":"https:\/\/mocyoni.com\/index.php\/wp-json\/wp\/v2\/media\/32111"}],"wp:attachment":[{"href":"https:\/\/mocyoni.com\/index.php\/wp-json\/wp\/v2\/media?parent=31977"}],"wp:term":[{"taxonomy":"product_brand","embeddable":true,"href":"https:\/\/mocyoni.com\/index.php\/wp-json\/wp\/v2\/product_brand?post=31977"},{"taxonomy":"product_cat","embeddable":true,"href":"https:\/\/mocyoni.com\/index.php\/wp-json\/wp\/v2\/product_cat?post=31977"},{"taxonomy":"product_tag","embeddable":true,"href":"https:\/\/mocyoni.com\/index.php\/wp-json\/wp\/v2\/product_tag?post=31977"}],"curies":[{"name":"wp","href":"https:\/\/api.w.org\/{rel}","templated":true}]}}