{"id":31932,"date":"2025-02-27T16:08:57","date_gmt":"2025-02-27T15:08:57","guid":{"rendered":"https:\/\/mocyoni.com\/?post_type=product&#038;p=31932"},"modified":"2026-04-09T19:07:42","modified_gmt":"2026-04-09T17:07:42","slug":"elitarny-mentoring-z-certyfikatem-moc-yoni","status":"publish","type":"product","link":"https:\/\/mocyoni.com\/index.php\/produkt\/elitarny-mentoring-z-certyfikatem-moc-yoni\/","title":{"rendered":"ODRODZENIE II edycja: kurs mentoringowo-transformacyjny"},"content":{"rendered":"<h4 data-start=\"300\" data-end=\"387\"><strong data-start=\"300\" data-end=\"387\">Odrodzi\u0107 si\u0119 &#8211; to balansowa\u0107 na granicy \u015bwiat\u00f3w.<\/strong><\/h4>\n<p data-start=\"389\" data-end=\"844\">&#8222;Odrodzi\u0107 si\u0119&#8221; brzmi jak weso\u0142a nowina, bo przecie\u017c tego pragniesz &#8211; \u017cywego cia\u0142a i duszy, kt\u00f3ra do\u015bwiadcza.<br data-start=\"403\" data-end=\"406\" \/>Ale odrodzi\u0107 si\u0119 &#8211; to balansowa\u0107 na granicy \u015bwiat\u00f3w. To przeprowadzanie.<\/p>\n<p data-start=\"389\" data-end=\"844\">To patrzenie w oczy temu, co umiera, i jednoczesne trzymanie w d\u0142oniach tego, co dopiero zaczyna oddycha\u0107.<br data-start=\"769\" data-end=\"772\" \/>Bo w ka\u017cdym ko\u0144cu jest pocz\u0105tek. A w ka\u017cdym pocz\u0105tku \u2013 echo ko\u0144ca.<\/p>\n<h5 data-start=\"847\" data-end=\"876\">Ten kurs nie jest nauk\u0105.<\/h5>\n<p data-start=\"877\" data-end=\"966\">To przej\u015bcie. To rytua\u0142. To Twoja osobista droga przez pr\u00f3g, kt\u00f3ry ju\u017c stoi przed Tob\u0105.<\/p>\n<ul>\n<li data-start=\"968\" data-end=\"1232\"><strong>Najpierw przejdziesz w\u0142asn\u0105 przemian\u0119<\/strong> \u2013 spotkasz to, co wo\u0142a o domkni\u0119cie, i to, co rodzi si\u0119 jako Twoja nowa to\u017csamo\u015b\u0107.<\/li>\n<li data-start=\"968\" data-end=\"1232\"><strong>Potem nauczysz si\u0119, jak przeprowadza\u0107 przez to innych<\/strong> \u2013 tak, aby Twoje klientki mog\u0142y do\u015bwiadcza\u0107 g\u0142\u0119bokiego odrodzenia razem z Tob\u0105.<\/li>\n<\/ul>\n<p>&nbsp;<\/p>\n<h4>Czujesz, \u017ce to Twoje miejsce?<\/h4>\n<p>To elitarna przestrze\u0144 dla kobiet, kt\u00f3re:<\/p>\n<p>&#x2714;&#xfe0f; Ju\u017c pracuj\u0105 z klientkami lub pragn\u0105 zacz\u0105\u0107, ale wiedz\u0105, \u017ce zanim poprowadz\u0105 innych \u2013 musz\u0105 pragn\u0105 przej\u015b\u0107 g\u0142\u0119boki proces transformacji.<br data-start=\"1255\" data-end=\"1258\" \/>&#x2714;&#xfe0f; Czuj\u0105 gotowo\u015b\u0107, by zanurzy\u0107 si\u0119 w to, co prawdziwe, i dotyka\u0107 miejsc, kt\u00f3re inni omijaj\u0105. Nie chc\u0105 powierzchownych metod \u2013 pragn\u0105 wej\u015b\u0107 w sedno.<br data-start=\"1354\" data-end=\"1357\" \/>&#x2714;&#xfe0f; Pragn\u0105 narz\u0119dzi i praktyk, kt\u00f3re dzia\u0142aj\u0105 <em data-start=\"676\" data-end=\"686\">naprawd\u0119<\/em> \u2013 prowadz\u0105 do trwa\u0142ych zmian, prze\u0142om\u00f3w i uciele\u015bnionej wolno\u015bci w \u017cyciu swoim i klientek.<br data-start=\"1437\" data-end=\"1440\" \/>&#x2714;&#xfe0f; Szukaj\u0105 sposob\u00f3w pracy z pod\u015bwiadomo\u015bci\u0105, cia\u0142em i uk\u0142adem nerwowym, kt\u00f3re pozwalaj\u0105 nie tylko m\u00f3wi\u0107 o zmianie \u2013 ale w niej zamieszka\u0107.<\/p>\n<h4>Jak wygl\u0105da mentoring?<\/h4>\n<p><strong>Czas trwania:<\/strong> 5 miesi\u0119cy \u2013 INTENSYWNY program wzbogacony o tygodnie integracyjne, kt\u00f3re pozwalaj\u0105 na g\u0142\u0119bsze przyswojenie wiedzy.<br \/>\n<strong>Spotkania online dwa razy w tygodniu<\/strong> \u2013\u00a0 w godzinach dostosowanych do uczestniczek.<br \/>\n<strong> Kameralna grupa<\/strong> \u2013 maksymalnie 6 os\u00f3b\u00a0 \u2013 to gwarancja indywidualnego podej\u015bcia i skupienia na ka\u017cdej z was.<br \/>\n<strong>Praca warsztatowa<\/strong> \u2013 \u0107wiczenia w parach, sesje treningowe i g\u0142\u0119bokie procesy.<br \/>\n<strong> Dost\u0119p do wybranych materia\u0142\u00f3w autorskich<\/strong> \u2013 aby\u015b mog\u0142a rozwija\u0107 si\u0119 tak\u017ce poza spotkaniami.<br \/>\n<strong>VIP Day na zako\u0144czenie mentoringu<\/strong> \u2013 stacjonarne spotkanie ko\u0144cz\u0105ce, podczas kt\u00f3rego domkniesz swoj\u0105 transformacj\u0119.<br \/>\n<strong>Mo\u017cliwo\u015b\u0107 p\u0142atno\u015bci ratalnej<\/strong> \u2013 5&#215;2.000 lub 10&#215;1.000<\/p>\n<p>oraz <strong data-start=\"177\" data-end=\"224\">Grupa na Telegramie \u2014 tam dzieje si\u0119 nasze &#8222;\u017cycie&#8221;!<\/strong><\/p>\n<p><br data-start=\"224\" data-end=\"227\" \/>To w\u0142a\u015bnie w tej grupie otrzymujesz dodatkowe, codzienne wsparcie mi\u0119dzy spotkaniami. Mamy tam sta\u0142y, bliski kontakt, dzi\u0119ki kt\u00f3remu zawsze mo\u017cesz czu\u0107 si\u0119 bezpiecznie i pewnie.<br data-start=\"404\" data-end=\"407\" \/>Dziel\u0119 si\u0119 te\u017c tam specjaln\u0105 wiedz\u0105, kt\u00f3ra przyp\u0142ywa z pola \u2014 prosto dla Ciebie, unikalna i precyzyjna. To przestrze\u0144, gdzie Twoja przemiana jest podtrzymywana i wzmacniana na co dzie\u0144.<\/p>\n<h4>Zakres mentoringu<\/h4>\n<p><span class=\"x1xsqp64 xiy17q3 x1o6pynw x19co3pv xdj266r xcwd3tp xat24cr x39eecv x2b8uid\" data-testid=\"emoji\"><span class=\"xexx8yu xn5pp95 x18d9i69 x2fxd7x x3jgonx x1bhl96m\">&#x2705;<\/span><\/span> <strong>Praca z pod\u015bwiadomo\u015bci\u0105 i uk\u0142adem nerwowym<\/strong> \u2013 nauczysz si\u0119 prowadzi\u0107 klientki w spos\u00f3b, kt\u00f3ry przynosi realne zmiany i zapobiega retraumatyzacji.<br \/>\n<span class=\"x1xsqp64 xiy17q3 x1o6pynw x19co3pv xdj266r xcwd3tp xat24cr x39eecv x2b8uid\" data-testid=\"emoji\"><span class=\"xexx8yu xn5pp95 x18d9i69 x2fxd7x x3jgonx x1bhl96m\">&#x2705;<\/span><\/span> <strong>Symbolika sn\u00f3w<\/strong> \u2013 jak interpretowa\u0107 sny i u\u017cywa\u0107 ich jako narz\u0119dzia do g\u0142\u0119bokiej pracy terapeutycznej.<br \/>\n<span class=\"x1xsqp64 xiy17q3 x1o6pynw x19co3pv xdj266r xcwd3tp xat24cr x39eecv x2b8uid\" data-testid=\"emoji\"><span class=\"xexx8yu xn5pp95 x18d9i69 x2fxd7x x3jgonx x1bhl96m\">&#x2705;<\/span><\/span> <strong>Praca w polu informacji<\/strong> \u2013 jak czyta\u0107 pole, odczytywa\u0107 informacje i wykorzystywa\u0107 je w procesach transformacyjnych.<br \/>\n<span class=\"x1xsqp64 xiy17q3 x1o6pynw x19co3pv xdj266r xcwd3tp xat24cr x39eecv x2b8uid\" data-testid=\"emoji\"><span class=\"xexx8yu xn5pp95 x18d9i69 x2fxd7x x3jgonx x1bhl96m\">&#x2705;<\/span><\/span> <strong>Emocje i ich prowadzenie<\/strong> \u2013 dowiesz si\u0119, jak wspiera\u0107 klientki w procesie przechodzenia przez trudne emocje, takie jak z\u0142o\u015b\u0107, smutek czy zamro\u017cenie, i jak zamienia\u0107 je w \u017cyw\u0105 energi\u0119.<br \/>\n<span class=\"x1xsqp64 xiy17q3 x1o6pynw x19co3pv xdj266r xcwd3tp xat24cr x39eecv x2b8uid\" data-testid=\"emoji\"><span class=\"xexx8yu xn5pp95 x18d9i69 x2fxd7x x3jgonx x1bhl96m\">&#x2705;<\/span><\/span> <strong>Integracja cz\u0119\u015bci osobowo\u015bci<\/strong> \u2013 praca z wewn\u0119trznym dzieckiem, wewn\u0119trzn\u0105 kobiet\u0105 i m\u0119\u017cczyzn\u0105, wewn\u0119trzym rodzicem, aby prowadzi\u0107 klientki do ich pe\u0142ni.<br \/>\n<span class=\"x1xsqp64 xiy17q3 x1o6pynw x19co3pv xdj266r xcwd3tp xat24cr x39eecv x2b8uid\" data-testid=\"emoji\"><span class=\"xexx8yu xn5pp95 x18d9i69 x2fxd7x x3jgonx x1bhl96m\">&#x2705;<\/span><\/span> <strong>Trauma i praca z cia\u0142em<\/strong> \u2013 nauczysz si\u0119, jak bezpiecznie prowadzi\u0107 klientki przez procesy uzdrawiania traumy, bez jej powielania.<br \/>\n<span class=\"x1xsqp64 xiy17q3 x1o6pynw x19co3pv xdj266r xcwd3tp xat24cr x39eecv x2b8uid\" data-testid=\"emoji\"><span class=\"xexx8yu xn5pp95 x18d9i69 x2fxd7x x3jgonx x1bhl96m\">&#x2705;<\/span><\/span> <strong>Przyj\u0119cie rodzic\u00f3w<\/strong> \u2013 zrozumiesz, jak relacja z rodzicami wp\u0142ywa na doros\u0142e \u017cycie i jak uzdrawia\u0107 ten obszar u siebie i klientek.<br \/>\n<span class=\"x1xsqp64 xiy17q3 x1o6pynw x19co3pv xdj266r xcwd3tp xat24cr x39eecv x2b8uid\" data-testid=\"emoji\"><span class=\"xexx8yu xn5pp95 x18d9i69 x2fxd7x x3jgonx x1bhl96m\">&#x2705;<\/span><\/span><strong> Integracja cienia<\/strong> \u2013 nauczysz si\u0119, jak pomaga\u0107 klientkom oswaja\u0107 i akceptowa\u0107 ich \u201cwyparte\u201d strony, by mog\u0142y odzyska\u0107 pe\u0142ni\u0119 mocy.<br \/>\n<span class=\"x1xsqp64 xiy17q3 x1o6pynw x19co3pv xdj266r xcwd3tp xat24cr x39eecv x2b8uid\" data-testid=\"emoji\"><span class=\"xexx8yu xn5pp95 x18d9i69 x2fxd7x x3jgonx x1bhl96m\">&#x2705;<\/span><\/span> <strong>Ustawienia rodzinne i praca z rodem<\/strong> \u2013 jak pracowa\u0107 z dynamikami rodowymi i uwalnia\u0107 z nich klientki.<br \/>\n<span class=\"x1xsqp64 xiy17q3 x1o6pynw x19co3pv xdj266r xcwd3tp xat24cr x39eecv x2b8uid\" data-testid=\"emoji\"><span class=\"xexx8yu xn5pp95 x18d9i69 x2fxd7x x3jgonx x1bhl96m\">&#x2705;<\/span><\/span> <strong>Wst\u0119p do psychobiologii i totalnej biologii<\/strong> \u2013 jak cia\u0142o komunikuje emocje i co choroby m\u00f3wi\u0105 o psychice.<br \/>\n<span class=\"x1xsqp64 xiy17q3 x1o6pynw x19co3pv xdj266r xcwd3tp xat24cr x39eecv x2b8uid\" data-testid=\"emoji\"><span class=\"xexx8yu xn5pp95 x18d9i69 x2fxd7x x3jgonx x1bhl96m\">&#x2705;<\/span><\/span> <strong>Coaching transformatywny<\/strong> \u2013 jak prowadzi\u0107 sesje, kt\u00f3re realnie zmieniaj\u0105 \u017cycie twoich klientek.<br \/>\n<span class=\"x1xsqp64 xiy17q3 x1o6pynw x19co3pv xdj266r xcwd3tp xat24cr x39eecv x2b8uid\" data-testid=\"emoji\"><span class=\"xexx8yu xn5pp95 x18d9i69 x2fxd7x x3jgonx x1bhl96m\">&#x2705;<\/span><\/span> <strong>BHP energetyczne w sesjach indywidualnych i grupowych<\/strong> \u2013 jak chroni\u0107 siebie i klientki przed przeci\u0105\u017ceniem i energetycznym \u201cwypaleniem\u201d.<br \/>\n<span class=\"x1xsqp64 xiy17q3 x1o6pynw x19co3pv xdj266r xcwd3tp xat24cr x39eecv x2b8uid\" data-testid=\"emoji\"><span class=\"xexx8yu xn5pp95 x18d9i69 x2fxd7x x3jgonx x1bhl96m\">&#x2705;<\/span><\/span> <strong>Trzymanie przestrzeni<\/strong> \u2013 nauczysz si\u0119, jak tworzy\u0107 bezpieczn\u0105, wspieraj\u0105c\u0105 i transformuj\u0105c\u0105 przestrze\u0144 dla klientek.<br \/>\n<span class=\"x1xsqp64 xiy17q3 x1o6pynw x19co3pv xdj266r xcwd3tp xat24cr x39eecv x2b8uid\" data-testid=\"emoji\"><span class=\"xexx8yu xn5pp95 x18d9i69 x2fxd7x x3jgonx x1bhl96m\">&#x2705;<\/span><\/span> <strong>Wprowadzenie do tantry<\/strong> \u2013 nauka pracy z energi\u0105 seksualn\u0105 i jej wp\u0142ywu na procesy uzdrowienia.<br \/>\n<span class=\"x1xsqp64 xiy17q3 x1o6pynw x19co3pv xdj266r xcwd3tp xat24cr x39eecv x2b8uid\" data-testid=\"emoji\"><span class=\"xexx8yu xn5pp95 x18d9i69 x2fxd7x x3jgonx x1bhl96m\">&#x2705;<\/span><\/span> <strong>Uciele\u015bnienie<\/strong> \u2013 praca z cia\u0142em i somatyk\u0105, aby twoje klientki mog\u0142y w pe\u0142ni poczu\u0107 swoj\u0105 kobiec\u0105 moc.<br \/>\n<span class=\"x1xsqp64 xiy17q3 x1o6pynw x19co3pv xdj266r xcwd3tp xat24cr x39eecv x2b8uid\" data-testid=\"emoji\"><span class=\"xexx8yu xn5pp95 x18d9i69 x2fxd7x x3jgonx x1bhl96m\">&#x2705;<\/span><\/span> <strong>Future Self<\/strong> \u2013 techniki \u0142\u0105czenia si\u0119 ze swoj\u0105 przysz\u0142\u0105, najpot\u0119\u017cniejsz\u0105 wersj\u0105 siebie.<br \/>\n<span class=\"x1xsqp64 xiy17q3 x1o6pynw x19co3pv xdj266r xcwd3tp xat24cr x39eecv x2b8uid\" data-testid=\"emoji\"><span class=\"xexx8yu xn5pp95 x18d9i69 x2fxd7x x3jgonx x1bhl96m\">&#x2705;<\/span><\/span> <strong>Reiki Kundalini i Reiki Gold<\/strong> \u2013 jak pracowa\u0107 z energi\u0105, aby wspiera\u0142a procesy klientek (certyfikat Mistrza i nauczyciela Reiki).<\/p>\n<p>&#x2705; oraz <strong>specjalistyczna praca z energi\u0105 seksualn\u0105<\/strong> w kontek\u015bcie ustawie\u0144 (w tym kwestie wykorzystania, aborcji, poronienia).<\/p>\n<h5>Jeste\u015b terapeutk\u0105 holistyczn\u0105, astrologiem, tarocistk\u0105\u2026 a mo\u017ce przewodniczk\u0105, kt\u00f3ra czuje, \u017ce czas wej\u015b\u0107 g\u0142\u0119biej?<\/h5>\n<p data-start=\"368\" data-end=\"529\">W <strong data-start=\"370\" data-end=\"384\">ODRODZENIU<\/strong> nauczysz si\u0119 prowadzi\u0107 procesy, kt\u00f3re nie zatrzymuj\u0105 si\u0119 na powierzchni \u2013 lecz otwieraj\u0105 Twoje klientki na prze\u0142omy i prawdziw\u0105 transformacj\u0119.<\/p>\n<p data-start=\"531\" data-end=\"1132\">&#x2728; B\u0119dziesz pewna siebie w swojej pracy \u2013 bez l\u0119ku przed g\u0142\u0119bokimi emocjami i procesami.<br data-start=\"618\" data-end=\"621\" \/>&#x2728; Nauczysz si\u0119, jak trzyma\u0107 przestrze\u0144 dla klientek i jak dba\u0107 o swoje <strong data-start=\"692\" data-end=\"712\">BHP energetyczne<\/strong>.<br data-start=\"713\" data-end=\"716\" \/>&#x2728; Zrozumiesz, jak wspiera\u0107 kobiety w zale\u017cno\u015bci od ich prze\u017cy\u0107, cia\u0142a i emocji.<br data-start=\"795\" data-end=\"798\" \/>&#x2728; Otrzymasz <strong data-start=\"810\" data-end=\"834\">praktyczne narz\u0119dzia<\/strong> do prowadzenia sesji i warsztat\u00f3w na zupe\u0142nie nowym poziomie.<br data-start=\"896\" data-end=\"899\" \/>&#x2728; Zdob\u0119dziesz <strong data-start=\"913\" data-end=\"927\">certyfikat<\/strong>, kt\u00f3ry potwierdzi Twoje kompetencje i gotowo\u015b\u0107 do prowadzenia transformuj\u0105cych proces\u00f3w.<br data-start=\"1016\" data-end=\"1019\" \/>&#x2728; Do\u015bwiadczysz w\u0142asnej g\u0142\u0119bokiej przemiany \u2013 staj\u0105c si\u0119 jeszcze mocniejsz\u0105 mentork\u0105, terapeutk\u0105, przewodniczk\u0105.<\/p>\n<p data-start=\"1139\" data-end=\"1209\"><strong data-start=\"1142\" data-end=\"1207\">Czujesz, \u017ce ta wiosna jest o totalnej zmianie? O odrodzeniu\u2026?<\/strong><\/p>\n<p data-start=\"1211\" data-end=\"1456\">To przestrze\u0144 dla Ciebie, je\u015bli wiesz, \u017ce Tw\u00f3j dar jest prawdziwy, ale chcesz go \u015bwiadomie rozwija\u0107.<br data-start=\"1311\" data-end=\"1314\" \/>Nauczysz si\u0119 nawigowa\u0107 sob\u0105, swoimi darami i dodatkowymi narz\u0119dziami tak, aby Twoja praca \u2013 i Twoje \u017cycie \u2013 by\u0142y uciele\u015bnion\u0105 transformacj\u0105.<\/p>\n<div class=\"html-div xdj266r x11i5rnm xat24cr x1mh8g0r xexx8yu x4uap5 x18d9i69 xkhd6sd xeuugli x1vjfegm\">\n<div class=\"html-div xdj266r x11i5rnm xat24cr x1mh8g0r xexx8yu x4uap5 x18d9i69 xkhd6sd x78zum5 xh8yej3\" role=\"presentation\">\n<div class=\"x78zum5 xdt5ytf x193iq5w x1n2onr6 x1kxipp6 xuk3077\">\n<div class=\"x78zum5 xh8yej3\" role=\"none\">\n<div class=\"html-div xdj266r x11i5rnm xat24cr x1mh8g0r xexx8yu x4uap5 x18d9i69 xkhd6sd x6ikm8r x10wlt62\">\n<div class=\"html-div xdj266r x11i5rnm xat24cr x1mh8g0r x14ctfv x1okitfd x6ikm8r x10wlt62 xerhiuh x1pn3fxy x12xxe5f x1szedp3 x1n2onr6 x1vjfegm x1k4qllp x1mzt3pk x13faqbe x11jlvup xpmdkuv x154zaqr x12z03op xyhp3ou x13fuv20 xu3j5b3 x1q0q8m5 x26u7qi x12lizq0 xf766zg x1ybe9c6 x1ts5dru xp5s12f x11ucwad xgtuqic x155c047\" role=\"presentation\">\n<div dir=\"auto\">.<\/div>\n<div dir=\"auto\">.<\/div>\n<\/div>\n<div dir=\"auto\">\n<p data-start=\"4652\" data-end=\"4674\">BONUS dla Ciebie!<\/p>\n<p data-start=\"4652\" data-end=\"4674\">Za jednorazow\u0105 wp\u0142at\u0119 za ca\u0142y program otrzymujesz <strong data-start=\"4725\" data-end=\"4761\">gratis indywidualn\u0105 sesj\u0119 ze mn\u0105<\/strong>!<br data-start=\"4762\" data-end=\"4765\" \/>To wyj\u0105tkowa okazja, by ju\u017c teraz do\u015bwiadczy\u0107 transformacji, kt\u00f3r\u0105 potem b\u0119dziesz przekazywa\u0107 swoim klientkom.<\/p>\n<p data-start=\"4652\" data-end=\"4674\">Sesja pozwoli Ci poczu\u0107, jak wygl\u0105da praca z cia\u0142em, pod\u015bwiadomo\u015bci\u0105 i energi\u0105, a tak\u017ce pomo\u017ce Ci w Twoim osobistym rozwoju.<\/p>\n<\/div>\n<\/div>\n<\/div>\n<\/div>\n<\/div>\n<div class=\"html-div xdj266r x11i5rnm xat24cr x1mh8g0r xexx8yu x4uap5 x18d9i69 xkhd6sd x1h91t0o xkh2ocl x78zum5 xdt5ytf x13a6bvl x193iq5w x1c4vz4f x1eb86dx\" role=\"presentation\">\n<div class=\"html-div xdj266r x11i5rnm xat24cr x1mh8g0r xexx8yu x4uap5 x18d9i69 xkhd6sd\"><\/div>\n<\/div>\n<\/div>\n<div class=\"html-div xdj266r x11i5rnm xat24cr x1mh8g0r xexx8yu xkhd6sd x1eb86dx x78zum5 x1c4vz4f x2lah0s x18061mc x55ruut\">\n<div class=\"html-div xdj266r x11i5rnm xat24cr x1mh8g0r xexx8yu x4uap5 x18d9i69 xkhd6sd x78zum5 x15zctf7 xamitd3\">\n<div class=\"html-div xdj266r x11i5rnm xat24cr x1mh8g0r xexx8yu x18d9i69 xkhd6sd x78zum5 xdt5ytf x1iyjqo2 x2lah0s xl56j7k x1n2onr6 x1mqs8db x1n327nk x1mpkggp\" aria-hidden=\"true\">\n<div class=\"html-div xdj266r x11i5rnm xat24cr x1mh8g0r xexx8yu x4uap5 x18d9i69 xkhd6sd x6s0dn4 xl5lk40 x78zum5 x1mqs8db x15zctf7\" role=\"presentation\">\n<div class=\"html-div xdj266r x11i5rnm xat24cr x1mh8g0r xexx8yu x4uap5 x18d9i69 xkhd6sd x6s0dn4 xl5lk40 x78zum5 x1mqs8db x15zctf7\" role=\"presentation\">\n<div class=\"html-div xdj266r x11i5rnm xat24cr x1mh8g0r xexx8yu x4uap5 x18d9i69 xkhd6sd\" aria-hidden=\"false\">\n<div class=\"x9f619 x1n2onr6 x1ja2u2z __fb-dark-mode\">\n<div class=\"x1i10hfl xjqpnuy xa49m3k xqeqjp1 x2hbi6w x13fuv20 xu3j5b3 x1q0q8m5 x26u7qi x1ypdohk xdl72j9 x2lah0s xe8uvvx xdj266r x11i5rnm xat24cr x1mh8g0r x2lwn1j xeuugli x16tdsg8 x1hl2dhg xggy1nq x1ja2u2z x1t137rt x1q0g3np x87ps6o x1lku1pv x1a2a7pz x6s0dn4 xzolkzo x12go9s9 x1rnf11y xprq8jg x972fbf xcfux6l x1qhh985 xm0m39n x9f619 x78zum5 xl56j7k xexx8yu x4uap5 x18d9i69 xkhd6sd x1n2onr6 x1fgtraw xgd8bvy xjbqb8w\" role=\"button\" aria-expanded=\"false\" aria-label=\"Zareaguj\">\n<div class=\"x1ey2m1c xds687c x17qophe xg01cxk x47corl x10l6tqk x13vifvy x1ebt8du x19991ni x1dhq9h xzolkzo x12go9s9 x1rnf11y xprq8jg\" role=\"none\" data-visualcompletion=\"ignore\"><\/div>\n<\/div>\n<\/div>\n<\/div>\n<\/div>\n<\/div>\n<\/div>\n<\/div>\n<\/div>\n","protected":false},"excerpt":{"rendered":"<p>CHCESZ ROZPOCZ\u0104\u0106 MENTORING WCZE\u015aNIEJ?<\/p>\n<p>Napisz do mnie i ustalimy indywidualnie do Ciebie terminy kursu mentoringowo-transformacyjnego.<\/p>\n","protected":false},"featured_media":32074,"template":"","meta":{"jetpack_post_was_ever_published":true,"jetpack_publicize_message":"","jetpack_publicize_feature_enabled":true,"jetpack_social_post_already_shared":true,"jetpack_social_options":{"image_generator_settings":{"template":"highway","default_image_id":0,"font":"","enabled":false},"version":2}},"product_brand":[],"product_cat":[61],"product_tag":[],"class_list":{"0":"post-31932","1":"product","2":"type-product","3":"status-publish","4":"has-post-thumbnail","6":"product_cat-terapia-online","8":"first","9":"instock","10":"virtual","11":"purchasable","12":"product-type-simple"},"jetpack_publicize_connections":[],"jetpack_sharing_enabled":true,"_links":{"self":[{"href":"https:\/\/mocyoni.com\/index.php\/wp-json\/wp\/v2\/product\/31932","targetHints":{"allow":["GET"]}}],"collection":[{"href":"https:\/\/mocyoni.com\/index.php\/wp-json\/wp\/v2\/product"}],"about":[{"href":"https:\/\/mocyoni.com\/index.php\/wp-json\/wp\/v2\/types\/product"}],"wp:featuredmedia":[{"embeddable":true,"href":"https:\/\/mocyoni.com\/index.php\/wp-json\/wp\/v2\/media\/32074"}],"wp:attachment":[{"href":"https:\/\/mocyoni.com\/index.php\/wp-json\/wp\/v2\/media?parent=31932"}],"wp:term":[{"taxonomy":"product_brand","embeddable":true,"href":"https:\/\/mocyoni.com\/index.php\/wp-json\/wp\/v2\/product_brand?post=31932"},{"taxonomy":"product_cat","embeddable":true,"href":"https:\/\/mocyoni.com\/index.php\/wp-json\/wp\/v2\/product_cat?post=31932"},{"taxonomy":"product_tag","embeddable":true,"href":"https:\/\/mocyoni.com\/index.php\/wp-json\/wp\/v2\/product_tag?post=31932"}],"curies":[{"name":"wp","href":"https:\/\/api.w.org\/{rel}","templated":true}]}}