{"id":30343,"date":"2023-10-08T11:31:05","date_gmt":"2023-10-08T09:31:05","guid":{"rendered":"https:\/\/mocyoni.com\/?post_type=product&#038;p=30343"},"modified":"2026-04-03T23:50:06","modified_gmt":"2026-04-03T21:50:06","slug":"tkam-swoja-energie-w-biznesie-pieniadzu-i-zyciu","status":"publish","type":"product","link":"https:\/\/mocyoni.com\/index.php\/produkt\/tkam-swoja-energie-w-biznesie-pieniadzu-i-zyciu\/","title":{"rendered":"Sta\u0144 si\u0119 widoczna w biznesie i sprzedawaj z lekko\u015bci\u0105 &#8211; energia pieni\u0105dza i biznesu"},"content":{"rendered":"<h4 style=\"text-align: center\">Wejd\u017a na kolejny poziom Twojego biznesu<\/h4>\n<div class=\"x11i5rnm xat24cr x1mh8g0r x1vvkbs xtlvy1s x126k92a\">\n<div dir=\"auto\"><\/div>\n<div dir=\"auto\"><\/div>\n<div dir=\"auto\">Jeste\u015b Kobiet\u0105, kt\u00f3ra ju\u017c prowadzi sw\u00f3j kobiecy biznes z sukcesem,<\/div>\n<div dir=\"auto\">znasz si\u0119 na sprzeda\u017cy i marketingu, ale wiesz, \u017ce przed Tob\u0105 jest kolejny poziom<\/div>\n<div dir=\"auto\">otwieraj\u0105cy Ci\u0119 na jeszcze bli\u017csz\u0105 relacj\u0119 ze swoimi klientami.<\/div>\n<div dir=\"auto\">\n<div dir=\"auto\">Zawsze czu\u0142a\u015b, \u017ce <strong>\u015bwiat energii<\/strong> jest tym, co chcia\u0142aby\u015b zg\u0142\u0119bi\u0107,<\/div>\n<div dir=\"auto\">ale do tej nikt nie wyt\u0142umaczy\u0142 Ci, <strong>czym tak naprawd\u0119 jest praca z energetyk\u0105 biznesu i pieni\u0105dza.<\/strong><\/div>\n<\/div>\n<div dir=\"auto\">.<\/div>\n<div dir=\"auto\">.<\/div>\n<\/div>\n<div class=\"x11i5rnm xat24cr x1mh8g0r x1vvkbs xtlvy1s x126k92a\">\n<div dir=\"auto\">Pragniesz posmakowa\u0107, pozna\u0107 i do\u015bwiadczy\u0107<\/div>\n<div dir=\"auto\">tkania energi\u0105 w swojej firmie?<\/div>\n<div dir=\"auto\">To Twoje miejsce!<\/div>\n<div dir=\"auto\">.<\/div>\n<div dir=\"auto\">.<\/div>\n<div dir=\"auto\">Kobiety wchodz\u0105c w \u015bwiat pieni\u0105dza i biznesu zapominaj\u0105 o tym, \u017ce mog\u0105 wsp\u00f3\u0142tworzy\u0107 z Si\u0142\u0105 Wy\u017csz\u0105.<\/div>\n<div dir=\"auto\">Zapominaj\u0105, \u017ce nie musz\u0105 si\u0142owa\u0107 si\u0119 z rzeczywisto\u015bci\u0105. Nie musz\u0105 konkurowa\u0107 z innymi.<\/div>\n<div dir=\"auto\">I w\u0142a\u015bnie dlatego &#8211; TY MO\u017bESZ INACZEJ.<\/div>\n<\/div>\n<div dir=\"auto\">.<\/div>\n<div dir=\"auto\">.<\/div>\n<div dir=\"auto\">Chc\u0119 pokaza\u0107 Ci, \u017ce lekki biznes jest dla Ciebie mo\u017cliwy szybciej <span style=\"font-size: 18px;font-family: 'Source Sans Pro', sans-serif\">ni\u017c Ci si\u0119 wydaje<\/span><\/div>\n<div dir=\"auto\"><span style=\"font-size: 18px;font-family: 'Source Sans Pro', sans-serif\">POD WARUNKIEM, \u017bE PO\u0141\u0104CZYSZ PRAC\u0118 MINDSETOW\u0104 I ENERGETYCZN\u0104.<\/span><\/div>\n<div dir=\"auto\"><\/div>\n<div class=\"x11i5rnm xat24cr x1mh8g0r x1vvkbs xtlvy1s x126k92a\">\n<div dir=\"auto\"><\/div>\n<\/div>\n<div class=\"x11i5rnm xat24cr x1mh8g0r x1vvkbs xtlvy1s x126k92a\">\n<h4 dir=\"auto\" style=\"text-align: center\">Sta\u0144 si\u0119 widoczna dla swoich klient\u00f3w i sprzedawaj z lekko\u015bci\u0105<\/h4>\n<\/div>\n<div class=\"x11i5rnm xat24cr x1mh8g0r x1vvkbs xtlvy1s x126k92a\">\n<div dir=\"auto\">\n<div class=\"x11i5rnm xat24cr x1mh8g0r x1vvkbs xtlvy1s x126k92a\">\n<div dir=\"auto\">\n<div class=\"x11i5rnm xat24cr x1mh8g0r x1vvkbs xtlvy1s x126k92a\">\n<h4 dir=\"auto\"><\/h4>\n<div dir=\"auto\">\n<div class=\"x11i5rnm xat24cr x1mh8g0r x1vvkbs xtlvy1s x126k92a\">\n<div dir=\"auto\"><strong>1. TYDZIE\u0143 &#8211; ENERGETYKA PIENI\u0104DZA<\/strong><\/div>\n<div dir=\"auto\"><\/div>\n<div dir=\"auto\">Ucz\u0119 Ci\u0119 nowego spojrzenia na pieni\u0105dz!<\/div>\n<div dir=\"auto\">Poznasz, co wsp\u00f3lnego z pieni\u0105dzem<\/div>\n<div dir=\"auto\">mia\u0142o Twoje poczucie bezpiecze\u0144stwa przy rodzicu,<\/div>\n<div dir=\"auto\">czy Twoje poczucie, \u017ce musia\u0142a\u015b dorosn\u0105\u0107 zbyt szybko.<\/div>\n<\/div>\n<\/div>\n<div dir=\"auto\">Poznasz swoje wzorce rodzinne, odkryjesz relacj\u0119 z Bogiem<\/div>\n<div dir=\"auto\">oraz zmienisz swoje przekonania, co do pieni\u0105dza w zwi\u0105zku.<\/div>\n<div dir=\"auto\">PIENI\u0104DZ STANIE SI\u0118 PRZYJACIELEM<\/div>\n<div dir=\"auto\"><\/div>\n<div dir=\"auto\">\n<div class=\"x11i5rnm xat24cr x1mh8g0r x1vvkbs xtlvy1s x126k92a\">\n<div dir=\"auto\"><strong>2. TYDZIE\u0143 &#8211; ENERGETYCZNE BHP<\/strong><\/div>\n<div dir=\"auto\"><\/div>\n<div dir=\"auto\">Energetyczne BHP, czyli ucz\u0119 Ci\u0119<\/div>\n<div dir=\"auto\">jak tworzy\u0107 bezpieczne przestrzenie<\/div>\n<div dir=\"auto\">prywatne i zawodowe z pomoc\u0105 energii i wolnej woli.<\/div>\n<div dir=\"auto\">Nauczysz si\u0119 tworzy\u0107 kontenery energetyczne<\/div>\n<div dir=\"auto\">dla swojego biznesu oraz domu, aby Twoja praca by\u0142a skuteczniejsza.<\/div>\n<div dir=\"auto\">A przestrzenie, kt\u00f3re tworzysz dla Klient\u00f3w pozwala\u0142y na fenomenalne i szybkie rezultaty.<\/div>\n<div dir=\"auto\">Dowiesz si\u0119 te\u017c, co jest fundamentem pracy z energi\u0105, aby\u015b czu\u0142a spok\u00f3j i mog\u0142a cieszy\u0107 si\u0119<\/div>\n<div dir=\"auto\">z tworzenia firmy w ten ca\u0142kowicie inny, l\u017cejszy spos\u00f3b.<\/div>\n<div dir=\"auto\"><\/div>\n<\/div>\n<div class=\"x11i5rnm xat24cr x1mh8g0r x1vvkbs xtlvy1s x126k92a\">\n<div dir=\"auto\"><strong>3.TYDZIE\u0143 &#8211; ENERGETYKA BIZNESU<\/strong><\/div>\n<div dir=\"auto\"><\/div>\n<div dir=\"auto\">Zapro\u015b idealnego klienta<\/div>\n<div dir=\"auto\">i sta\u0144 si\u0119 swoj\u0105 \u015bwietlist\u0105 reklam\u0105,<\/div>\n<div dir=\"auto\">czyli poznaj energetyk\u0119 biznesu.<\/div>\n<div dir=\"auto\">Przez ten tydzie\u0144 sama odkryjesz, jakim klientem jeste\u015b &#8211;<\/div>\n<div dir=\"auto\">to u\u015bwiadomi Ci najwi\u0119ksze l\u0119ki, kt\u00f3re blokuj\u0105 Ci\u0119 przed wi\u0119ksz\u0105 sprzeda\u017c\u0105.<\/div>\n<div dir=\"auto\">Okre\u015blisz, jakich ludzi zapraszasz do swojego biznesu.<\/div>\n<div dir=\"auto\">Komu m\u00f3wisz du\u017ce NIE, a komu ogromne TAK!<\/div>\n<div dir=\"auto\"><\/div>\n<\/div>\n<div class=\"x11i5rnm xat24cr x1mh8g0r x1vvkbs xtlvy1s x126k92a\">\n<div dir=\"auto\"><strong>4.TYDZIE\u0143 &#8211; INTEGRACJA<\/strong><\/div>\n<div dir=\"auto\"><\/div>\n<div dir=\"auto\">Integracja, czyli osad\u017a si\u0119 w nowym systemie!<\/div>\n<div dir=\"auto\">Otrzymasz odpowiedzi na nurtuj\u0105ce Ci\u0119 jeszcze pytania,<\/div>\n<div dir=\"auto\">wykonasz \u0107wiczenia i zaczniesz tworzy\u0107 biznes w po\u0142\u0105czeniu z DUSZ\u0104!<\/div>\n<\/div>\n<\/div>\n<\/div>\n<\/div>\n<div dir=\"auto\">\n<div class=\"x11i5rnm xat24cr x1mh8g0r x1vvkbs xtlvy1s x126k92a\">\n<div dir=\"auto\">\n<div class=\"x11i5rnm xat24cr x1mh8g0r x1vvkbs xtlvy1s x126k92a\">\n<div dir=\"auto\">.<\/div>\n<div dir=\"auto\">.<\/div>\n<\/div>\n<\/div>\n<\/div>\n<\/div>\n<\/div>\n<\/div>\n<\/div>\n<div class=\"x11i5rnm xat24cr x1mh8g0r x1vvkbs xtlvy1s x126k92a\"><\/div>\n<div class=\"x11i5rnm xat24cr x1mh8g0r x1vvkbs xtlvy1s x126k92a\"><\/div>\n<p><strong>W jaki spos\u00f3b pracujemy?<\/strong><\/p>\n<p>Otrzymujesz zapis 8 spotka\u0144 video oraz \u0107wicze\u0144 na dedykowanej platformie, na zawsze \u2013 <strong>ogl\u0105dasz, kiedy chcesz.<\/strong><\/p>\n<p>&nbsp;<\/p>\n","protected":false},"excerpt":{"rendered":"<div class=\"x11i5rnm xat24cr x1mh8g0r x1vvkbs xtlvy1s x126k92a\">\n<div dir=\"auto\">\n<h4 dir=\"auto\" style=\"text-align: left\">Sta\u0144 si\u0119 widoczna dla swoich klient\u00f3w i sprzedawaj z lekko\u015bci\u0105!<\/h4>\n<\/div>\n<\/div>\n<div dir=\"auto\">Pragnienie o biznesie w lekko\u015bci,<\/div>\n<div dir=\"auto\">gdzie klientki same zg\u0142aszaj\u0105 si\u0119 do Ciebie,<\/div>\n<div dir=\"auto\">gdzie czujesz si\u0119 ekspertem w swoim fachu,<\/div>\n<div dir=\"auto\">gdzie czujesz si\u0119 bezpiecznie i swobodnie &#8211; mo\u017ce si\u0119 spe\u0142ni\u0107!<\/div>\n<div dir=\"auto\"><\/div>\n<p><strong>Program przeznaczony jest dla kobiet, kt\u00f3re:<\/strong><\/p>\n<ul>\n<li>maj\u0105 sw\u00f3j biznes i pragn\u0105 przyci\u0105ga\u0107 idealnych klient\u00f3w<\/li>\n<li>czuj\u0105, \u017ce s\u0105 &#8222;niewidoczne&#8221; dla swoich klient\u00f3w<\/li>\n<li>chc\u0105 nauczy\u0107 si\u0119 podstaw pracy z energi\u0105 zanim wyjd\u0105 do \u015bwiata z biznesem<\/li>\n<li>czuj\u0105, \u017ce ich pieni\u0105dze uciekaj\u0105, znikaj\u0105, albo czuj\u0105 z\u0142o\u015b\u0107 na pieni\u0105dz<\/li>\n<li>czuj\u0105, \u017ce to pieni\u0105dze zapewniaj\u0105 im bezpiecze\u0144stwo i komfort<\/li>\n<li>chc\u0105 rozpocz\u0105\u0107 tkanie w energii w prywatnym \u017cyciu<\/li>\n<\/ul>\n<p>&nbsp;<\/p>\n","protected":false},"featured_media":31402,"template":"","meta":{"jetpack_post_was_ever_published":true,"jetpack_publicize_message":"","jetpack_publicize_feature_enabled":true,"jetpack_social_post_already_shared":true,"jetpack_social_options":{"image_generator_settings":{"template":"highway","default_image_id":0,"font":"","enabled":false},"version":2}},"product_brand":[],"product_cat":[69],"product_tag":[],"class_list":{"0":"post-30343","1":"product","2":"type-product","3":"status-publish","4":"has-post-thumbnail","6":"product_cat-kursy","8":"first","9":"instock","10":"virtual","11":"purchasable","12":"product-type-simple"},"jetpack_publicize_connections":[],"jetpack_sharing_enabled":true,"_links":{"self":[{"href":"https:\/\/mocyoni.com\/index.php\/wp-json\/wp\/v2\/product\/30343","targetHints":{"allow":["GET"]}}],"collection":[{"href":"https:\/\/mocyoni.com\/index.php\/wp-json\/wp\/v2\/product"}],"about":[{"href":"https:\/\/mocyoni.com\/index.php\/wp-json\/wp\/v2\/types\/product"}],"wp:featuredmedia":[{"embeddable":true,"href":"https:\/\/mocyoni.com\/index.php\/wp-json\/wp\/v2\/media\/31402"}],"wp:attachment":[{"href":"https:\/\/mocyoni.com\/index.php\/wp-json\/wp\/v2\/media?parent=30343"}],"wp:term":[{"taxonomy":"product_brand","embeddable":true,"href":"https:\/\/mocyoni.com\/index.php\/wp-json\/wp\/v2\/product_brand?post=30343"},{"taxonomy":"product_cat","embeddable":true,"href":"https:\/\/mocyoni.com\/index.php\/wp-json\/wp\/v2\/product_cat?post=30343"},{"taxonomy":"product_tag","embeddable":true,"href":"https:\/\/mocyoni.com\/index.php\/wp-json\/wp\/v2\/product_tag?post=30343"}],"curies":[{"name":"wp","href":"https:\/\/api.w.org\/{rel}","templated":true}]}}