{"id":30315,"date":"2023-09-21T10:59:35","date_gmt":"2023-09-21T08:59:35","guid":{"rendered":"https:\/\/mocyoni.com\/?post_type=product&#038;p=30315"},"modified":"2026-04-03T22:09:40","modified_gmt":"2026-04-03T20:09:40","slug":"stara-milosc-nie-rdzewieje","status":"publish","type":"product","link":"https:\/\/mocyoni.com\/index.php\/produkt\/stara-milosc-nie-rdzewieje\/","title":{"rendered":"Rozsta\u0144 si\u0119 naprawd\u0119! Zr\u00f3b miejsce na nowy zwi\u0105zek."},"content":{"rendered":"<h4 style=\"text-align: center\">Stara Mi\u0142o\u015b\u0107 nie rdzewieje&#8230;<\/h4>\n<div class=\"x11i5rnm xat24cr x1mh8g0r x1vvkbs xtlvy1s x126k92a\">\n<div dir=\"auto\">\n<div class=\"x11i5rnm xat24cr x1mh8g0r x1vvkbs xtlvy1s x126k92a\">\n<div dir=\"auto\">\n<div class=\"x11i5rnm xat24cr x1mh8g0r x1vvkbs xtlvy1s x126k92a\">\n<div dir=\"auto\">Podczas ca\u0142ego naszego \u017cycia spotyka\u0142a\u015b m\u0119\u017cczyzn, kt\u00f3rzy byli dla Ciebie wa\u017cni.<\/div>\n<div dir=\"auto\">Te \u201edzieci\u0119ce\u201d mi\u0142o\u015bci by\u0142y najintensywniejsze, bo wtedy wszystko wydawa\u0142o si\u0119 by\u0107 tak wa\u017cne.<\/div>\n<div dir=\"auto\">Bo wtedy nic innego si\u0119 nie liczy\u0142o.<\/div>\n<div dir=\"auto\">Obiecywali\u015bcie sobie najpi\u0119kniejsze,<\/div>\n<div dir=\"auto\">najbardziej upragnione marzenia.<\/div>\n<div dir=\"auto\"><strong>I co najwa\u017cniejsze dawali\u015bcie sobie przyrzeczenia<span style=\"font-size: 18px;font-family: 'Source Sans Pro', sans-serif\">:<\/span><\/strong><\/div>\n<div dir=\"auto\"><\/div>\n<\/div>\n<div class=\"x11i5rnm xat24cr x1mh8g0r x1vvkbs xtlvy1s x126k92a\">\n<div dir=\"auto\">\u201edozgonnej mi\u0142o\u015bci, wsp\u00f3lnego domu, dzieci, podr\u00f3\u017cy\u2026\u201d<\/div>\n<div dir=\"auto\">I by\u0142y one prawdziwe, wyp\u0142ywa\u0142y z g\u0142\u0119bi!<\/div>\n<div dir=\"auto\">.<\/div>\n<div dir=\"auto\">.<\/div>\n<\/div>\n<div class=\"x11i5rnm xat24cr x1mh8g0r x1vvkbs xtlvy1s x126k92a\">\n<div dir=\"auto\">Potem przysz\u0142o \u017cycie \u2013 z\u0142amane serca, strach przed wyznaniem emocji, a czasem to Ty kogo\u015b odrzuci\u0142a\u015b.<\/div>\n<div dir=\"auto\">Ale te obietnice, przyrzeczenia i emocje zosta\u0142y zapisane w Tobie.<\/div>\n<div dir=\"auto\">Wchodz\u0105c w nowy, \u201epowa\u017cny\u201d zwi\u0105zek, mo\u017cesz czu\u0107, \u017ce nie jeste\u015b w PE\u0141NI OBECNA.<\/div>\n<div dir=\"auto\"><\/div>\n<div dir=\"auto\">Czasami czujesz \u017cal, a wspomnienia niespe\u0142nionej mi\u0142o\u015bci nie daj\u0105 spokoju.<\/div>\n<div dir=\"auto\">Nawet je\u015bli wszystko wydaje si\u0119 by\u0107 w porz\u0105dku, zwi\u0105zek nie przechodzi kolejnych etap\u00f3w.<\/div>\n<div dir=\"auto\">Mo\u017ce marzycie o dziecku, ale poczucie winy blokuje Twoje cia\u0142o\u2026<\/div>\n<\/div>\n<\/div>\n<\/div>\n<\/div>\n<div dir=\"auto\">.<\/div>\n<div dir=\"auto\">.<\/div>\n<div dir=\"auto\">\n<div class=\"x11i5rnm xat24cr x1mh8g0r x1vvkbs xtlvy1s x126k92a\">\n<div dir=\"auto\">\n<div class=\"x11i5rnm xat24cr x1mh8g0r x1vvkbs xtlvy1s x126k92a\">\n<div dir=\"auto\">Pragniesz czu\u0107 si\u0119 w pe\u0142ni dost\u0119pna dla swojego partnera?<\/div>\n<div dir=\"auto\">Chcesz otworzy\u0107 ca\u0142e cia\u0142o na swojego m\u0119\u017cczyzn\u0119 i poczu\u0107, \u017ce Twoja energia wraca do Ciebie w tu i teraz?<\/div>\n<div dir=\"auto\">Czas, by obejrze\u0107 si\u0119 w ty\u0142, zobaczy\u0107 tych wa\u017cnych m\u0119\u017cczyzn z przesz\u0142o\u015bci,<\/div>\n<div dir=\"auto\">odebra\u0107 lekcje, podzi\u0119kowa\u0107 za nie i i\u015b\u0107 z lekko\u015bci\u0105 w przysz\u0142o\u015b\u0107.<\/div>\n<\/div>\n<div class=\"x11i5rnm xat24cr x1mh8g0r x1vvkbs xtlvy1s x126k92a\">\n<div dir=\"auto\"><\/div>\n<\/div>\n<\/div>\n<\/div>\n<\/div>\n<div dir=\"auto\"><\/div>\n<\/div>\n<p style=\"text-align: center\"><strong>Dlaczego od mi\u0142o\u015bci do nienawi\u015bci dzieli nas jeden krok?<\/strong><\/p>\n<div dir=\"auto\"><\/div>\n<div class=\"x11i5rnm xat24cr x1mh8g0r x1vvkbs xtlvy1s x126k92a\">\n<div dir=\"auto\">Nienawi\u015b\u0107 to bardzo cz\u0119sto ODRZUCONA MI\u0141O\u015a\u0106.<\/div>\n<\/div>\n<div class=\"x11i5rnm xat24cr x1mh8g0r x1vvkbs xtlvy1s x126k92a\">\n<div dir=\"auto\">Nienawi\u015b\u0107 cz\u0119sto m\u00f3wi: &#8222;Tak bardzo Ci\u0119 chcia\u0142am, a Ty mnie odrzuci\u0142e\u015b.&#8221;<\/div>\n<div dir=\"auto\"><span style=\"font-size: 18px;font-family: 'Source Sans Pro', sans-serif\">M\u00f3wi: <\/span><span style=\"font-size: 18px;font-family: 'Source Sans Pro', sans-serif\">\u201eNie chc\u0119 Ci\u0119 widzie\u0107, nie masz prawa by\u0107 w moim \u017cyciu\u2026 Bo to tak bardzo boli, gdy jeste\u015b blisko.\u201d<\/span><\/div>\n<\/div>\n<div class=\"x11i5rnm xat24cr x1mh8g0r x1vvkbs xtlvy1s x126k92a\">\n<div dir=\"auto\">.<\/div>\n<div dir=\"auto\">.<\/div>\n<\/div>\n<div class=\"x11i5rnm xat24cr x1mh8g0r x1vvkbs xtlvy1s x126k92a\">\n<div dir=\"auto\">Kiedy w Tobie jest nienawi\u015b\u0107, \u017cal, smutek czy z\u0142o\u015b\u0107 \u2013<\/div>\n<div dir=\"auto\">niezale\u017cnie od tego, czy chodzi o by\u0142ego partnera, z kt\u00f3rym by\u0142a\u015b d\u0142ugo czy kr\u00f3tko,<\/div>\n<div dir=\"auto\">czy kocha\u0142a\u015b go w wieku 10 czy 20 lat \u2013 jeste\u015b z nim po\u0142\u0105czona.<\/div>\n<div dir=\"auto\">Po\u0142\u0105czona przez nienawi\u015b\u0107, \u017cal, smutek czy z\u0142o\u015b\u0107. To mo\u017ce by\u0107 trudne i ci\u0119\u017ckie.<\/div>\n<div dir=\"auto\">Mo\u017cesz odczuwa\u0107 to na poziomie emocji, my\u015bli i cia\u0142a.<\/div>\n<\/div>\n<div class=\"x11i5rnm xat24cr x1mh8g0r x1vvkbs xtlvy1s x126k92a\">\n<div dir=\"auto\">.<\/div>\n<div dir=\"auto\">.<\/div>\n<\/div>\n<div class=\"x11i5rnm xat24cr x1mh8g0r x1vvkbs xtlvy1s x126k92a\">\n<div dir=\"auto\">Kiedy m\u00f3wisz:<\/div>\n<div dir=\"auto\">\u201eOn mnie ju\u017c nic nie interesuje, on dla mnie nie istnieje\u201d \u2013 to jest wykluczenie.<\/div>\n<div dir=\"auto\">Oczywi\u015bcie mo\u017cesz tak robi\u0107, ale chc\u0119 Ci wyt\u0142umaczy\u0107, \u017ce to by\u0142a Twoja lekcja.<\/div>\n<div dir=\"auto\">Je\u015bli we\u017amiesz t\u0119 lekcj\u0119, Twoje \u017cycie stanie si\u0119 szcz\u0119\u015bliwsze.<\/div>\n<\/div>\n<div class=\"x11i5rnm xat24cr x1mh8g0r x1vvkbs xtlvy1s x126k92a\">\n<div dir=\"auto\"><\/div>\n<div dir=\"auto\"><\/div>\n<\/div>\n<h4 style=\"text-align: center\"><strong>Kiedy nie szanujesz by\u0142ego partnera &#8211; nie mo\u017cesz w pe\u0142ni cieszy\u0107 si\u0119 obecnym.<\/strong><\/h4>\n<p><strong>SPOTKANIE 1 &#8211; &#8222;To przesz\u0142o\u015b\u0107&#8221;<\/strong><\/p>\n<ul>\n<li><strong>Sprawd\u017a, kogo zasila Twoja energia<\/strong> \u2013 Czy jest to Twoje obecne \u017cycie, zwi\u0105zek, czy nadal przesz\u0142o\u015b\u0107?<\/li>\n<li><strong>Lekcje i zasoby<\/strong> \u2013 Odkryj, czego Tw\u00f3j by\u0142y partner Ci\u0119 nauczy\u0142, mimo \u017ce nie dostrzega\u0142a\u015b wtedy korzy\u015bci.<\/li>\n<li><strong>Obietnice i wa\u017cni m\u0119\u017cczy\u017ani<\/strong> \u2013 Zbadaj, jakie obietnice dali\u015bcie sobie nawzajem i jak nadal maj\u0105 wp\u0142yw na Twoje \u017cycie.<\/li>\n<\/ul>\n<p><strong>SPOTKANIE 2 &#8211; &#8222;T\u0119sknota i \u017cal&#8221;<\/strong><\/p>\n<ul>\n<li><strong>Transformacja t\u0119sknoty w moc<\/strong> \u2013 Dowiedz si\u0119, za kim t\u0119sknisz i jak przekszta\u0142ci\u0107 t\u0119sknot\u0119 w pozytywn\u0105 energi\u0119.<\/li>\n<li><strong>Pogodzenie si\u0119 z rozstaniem<\/strong> \u2013 Zrozum, dlaczego tak trudno pogodzi\u0107 si\u0119 z rozstaniem i jak odej\u015b\u0107 z zasobami, kt\u00f3re mog\u0105 Ci\u0119 wzbogaci\u0107.<\/li>\n<li><strong>Unikanie i uwolnienie<\/strong> \u2013 Je\u015bli unikasz by\u0142ego, nauczysz si\u0119, jak zako\u0144czy\u0107 ten etap i poczu\u0107 si\u0119 wolna.<\/li>\n<\/ul>\n<p><strong>SPOTKANIE 3 &#8211; &#8222;Nienawidz\u0119 Ci\u0119!&#8221;<\/strong><\/p>\n<ul>\n<li><strong>Konfrontacja z\u0142o\u015bci i nienawi\u015bci<\/strong> \u2013 Naucz si\u0119, jak skonfrontowa\u0107 si\u0119 z emocjami, kt\u00f3re sprawiaj\u0105, \u017ce Twoje \u017cycie jest ci\u0119\u017ckie i pe\u0142ne oporu.<\/li>\n<li><strong>Sny o by\u0142ych<\/strong> \u2013 Dowiedz si\u0119, jak interpretowa\u0107 sny zwi\u0105zane z by\u0142ymi partnerami i co mog\u0105 one oznacza\u0107.<\/li>\n<\/ul>\n<p><strong>SPOTKANIE 4 &#8211; &#8222;Jak wychodzi\u0107 z relacji bez szwanku&#8221;<\/strong><\/p>\n<ul>\n<li><strong>Etapy rozstania<\/strong> \u2013 Zrozum, jak przebiegaj\u0105 etapy rozstania i jak sobie z nimi radzi\u0107.<\/li>\n<li><strong>Odpowiedzialno\u015b\u0107 za rozstanie<\/strong> \u2013 Naucz si\u0119 przyjmowa\u0107 odpowiedzialno\u015b\u0107 za swoje decyzje, ale tak\u017ce oddzieli\u0107 odpowiedzialno\u015b\u0107, kt\u00f3ra nie jest Twoja. Znajd\u017a wewn\u0119trzny spok\u00f3j po rozstaniu.<\/li>\n<\/ul>\n<p><strong>SPOTKANIE 5 &#8211; &#8222;By\u0142e\u015b wa\u017cny!&#8221;<\/strong><\/p>\n<ul>\n<li><strong>Mi\u0142o\u015b\u0107 i dzieci<\/strong> \u2013 &#8221; Mi\u0142o\u015b\u0107, kt\u00f3ra by\u0142a mi\u0119dzy nami, \u017cyje w naszych dzieciach&#8221; &#8211; nrozum, jak mi\u0142o\u015b\u0107, kt\u00f3ra istnia\u0142a mi\u0119dzy Wami, wp\u0142ywa na Wasze dzieci i jak z szacunkiem zako\u0144czy\u0107 zwi\u0105zek, gdy s\u0105 dzieci.<\/li>\n<li><strong>Po\u017cegnanie, kt\u00f3re daje wolno\u015b\u0107<\/strong> \u2013 &#8222;Tyle, ile Ci da\u0142am wystarczy i tyle, ile mi da\u0142e\u015b wystarczy&#8221; &#8211; naucz si\u0119, jak zako\u0144czy\u0107 zwi\u0105zek w spos\u00f3b, kt\u00f3ry przynosi spok\u00f3j i pozwala Ci cieszy\u0107 si\u0119 wolno\u015bci\u0105.<\/li>\n<\/ul>\n<p>&nbsp;<\/p>\n<p>Kurs nie zast\u0119puje konsultacji medycznej, a uczestnictwo w nim ma charakter dobrowolny.<\/p>\n<p><strong>Kupuj\u0105c program otrzymujesz:<\/strong><\/p>\n<ul>\n<li>Zapis 5 spotka\u0144 video<\/li>\n<li>Zadania i procesy<\/li>\n<li>Dost\u0119p na dedykowanej platformie na zawsze \u2013 ogl\u0105dasz, kiedy chcesz.<\/li>\n<\/ul>\n<p>&nbsp;<\/p>\n<p>&nbsp;<\/p>\n<p>&nbsp;<\/p>\n","protected":false},"excerpt":{"rendered":"<div class=\"x11i5rnm xat24cr x1mh8g0r x1vvkbs xtlvy1s x126k92a\"><\/div>\n<p><strong>Program przeznaczony jest dla kobiet, kt\u00f3re:<\/strong><\/p>\n<ul>\n<li>ci\u0105gle trafiaj\u0105 na &#8222;takich samych&#8221; m\u0119\u017cczyzn<\/li>\n<li>czuj\u0105 smutek, \u017cal na my\u015bl o swoich by\u0142ych<\/li>\n<li>jak bumerang wracaj\u0105 do by\u0142ych<\/li>\n<li>lekcewa\u017c\u0105 lub czuj\u0105 nienawi\u015b\u0107 do by\u0142ych<\/li>\n<li>maj\u0105 trudne sny o by\u0142ych<\/li>\n<li>czuj\u0105 si\u0119 zwi\u0105zane z ex, nigdy zako\u0144czy\u0142y emocjonalnie zwi\u0105zku<\/li>\n<li>notorycznie my\u015bl\u0105 o swoich by\u0142ych<\/li>\n<li><strong>PRAGN\u0104 OTWORZY\u0106 SI\u0118 W PE\u0141NI NA PARTERA<\/strong><\/li>\n<li><strong>PRAGN\u0104 POCZU\u0106 WI\u0118KSZY SPOK\u00d3J I LEKKO\u015a\u0106 W \u017bYCIU<\/strong><\/li>\n<li><strong>S\u0104 GOTOWE NA KOLEJNY ETAP EKSPANSJI W \u017bYCIU\u00a0<\/strong><\/li>\n<\/ul>\n<p>&nbsp;<\/p>\n","protected":false},"featured_media":31396,"template":"","meta":{"jetpack_post_was_ever_published":true,"jetpack_publicize_message":"","jetpack_publicize_feature_enabled":true,"jetpack_social_post_already_shared":true,"jetpack_social_options":{"image_generator_settings":{"template":"highway","default_image_id":0,"font":"","enabled":false},"version":2}},"product_brand":[],"product_cat":[69],"product_tag":[],"class_list":{"0":"post-30315","1":"product","2":"type-product","3":"status-publish","4":"has-post-thumbnail","6":"product_cat-kursy","8":"first","9":"instock","10":"virtual","11":"purchasable","12":"product-type-simple"},"jetpack_publicize_connections":[],"jetpack_sharing_enabled":true,"_links":{"self":[{"href":"https:\/\/mocyoni.com\/index.php\/wp-json\/wp\/v2\/product\/30315","targetHints":{"allow":["GET"]}}],"collection":[{"href":"https:\/\/mocyoni.com\/index.php\/wp-json\/wp\/v2\/product"}],"about":[{"href":"https:\/\/mocyoni.com\/index.php\/wp-json\/wp\/v2\/types\/product"}],"wp:featuredmedia":[{"embeddable":true,"href":"https:\/\/mocyoni.com\/index.php\/wp-json\/wp\/v2\/media\/31396"}],"wp:attachment":[{"href":"https:\/\/mocyoni.com\/index.php\/wp-json\/wp\/v2\/media?parent=30315"}],"wp:term":[{"taxonomy":"product_brand","embeddable":true,"href":"https:\/\/mocyoni.com\/index.php\/wp-json\/wp\/v2\/product_brand?post=30315"},{"taxonomy":"product_cat","embeddable":true,"href":"https:\/\/mocyoni.com\/index.php\/wp-json\/wp\/v2\/product_cat?post=30315"},{"taxonomy":"product_tag","embeddable":true,"href":"https:\/\/mocyoni.com\/index.php\/wp-json\/wp\/v2\/product_tag?post=30315"}],"curies":[{"name":"wp","href":"https:\/\/api.w.org\/{rel}","templated":true}]}}