{"id":30171,"date":"2023-05-18T16:37:47","date_gmt":"2023-05-18T14:37:47","guid":{"rendered":"https:\/\/mocyoni.com\/?post_type=product&#038;p=30171"},"modified":"2025-11-06T11:04:17","modified_gmt":"2025-11-06T10:04:17","slug":"kiedy-kochasz-za-mocno-wspoluzaleznienie","status":"publish","type":"product","link":"https:\/\/mocyoni.com\/index.php\/produkt\/kiedy-kochasz-za-mocno-wspoluzaleznienie\/","title":{"rendered":"Kiedy &#8222;kochasz za mocno&#8221; &#8211; wsp\u00f3\u0142uzale\u017cnienie"},"content":{"rendered":"<h4 style=\"text-align: center;\">Kiedy &#8222;kochasz za mocno&#8221;, czyli o wsp\u00f3\u0142uzale\u017cnieniu&#8230;<\/h4>\n<p><strong>Kiedy mi\u0142o\u015b\u0107 staje si\u0119 wi\u0119zieniem \u2013 o wsp\u00f3\u0142uzale\u017cnieniu<\/strong><\/p>\n<p>Wsp\u00f3\u0142uzale\u017cnienie cz\u0119sto rodzi si\u0119 z pustki wewn\u0119trznej, kt\u00f3ra wype\u0142niona jest brakiem mi\u0142o\u015bci do samego siebie. \u017bycie w takiej przestrzeni to cz\u0119sto \u017cycie pozbawione celu, pe\u0142ne bezsensu i beznadziei. By\u0107 mo\u017ce znasz to uczucie, gdy brakuje Ci wiary w to, \u017ce \u017cycie mog\u0142oby wygl\u0105da\u0107 inaczej. Zadaj sobie pytanie: <strong>Jak\u0105 emocjonaln\u0105 pustk\u0119 nosisz w sobie i czym pr\u00f3bujesz j\u0105 zape\u0142ni\u0107 z zewn\u0105trz?<\/strong><\/p>\n<p>Osobi\u015bcie mocno zmierzy\u0142am si\u0119 z tematem wsp\u00f3\u0142uzale\u017cnienia. Oddawa\u0142am swoj\u0105 moc innym ludziom \u2013 ich emocje i zachowania wp\u0142ywa\u0142y na mnie, rani\u0142y mnie. To byli rodzice, partnerzy, pracodawcy, bliscy. \u017by\u0142am uzale\u017cniona od akceptacji innych \u2013 tylko ona dawa\u0142a mi chwilowe ukojenie i poczucie, \u017ce jestem w porz\u0105dku. Dzi\u015b jestem w innym miejscu. Ugruntowa\u0142am swoj\u0105 warto\u015b\u0107 wewn\u0105trz siebie, zamiast szuka\u0107 jej na zewn\u0105trz. W tym kursie chc\u0119 Ci pokaza\u0107, jak zbudowa\u0107 siln\u0105 relacj\u0119 ze sob\u0105 samym, opart\u0105 na mi\u0142o\u015bci i akceptacji.<\/p>\n<p><strong>Czym jest wsp\u00f3\u0142uzale\u017cnienie?<\/strong><\/p>\n<p>Wsp\u00f3\u0142uzale\u017cnienie to bycie \u201etoksycznym empat\u0105\u201d \u2013 osob\u0105, kt\u00f3ra ch\u0142onie emocje innych i uzale\u017cnia swoje \u017cycie, nastr\u00f3j oraz cele od tego, jak czuj\u0105 si\u0119 inni. Tacy ludzie cz\u0119sto boj\u0105 si\u0119 odrzucenia, co sprawia, \u017ce kontroluj\u0105 swoje relacje z l\u0119ku przed strat\u0105. Wydaje im si\u0119, \u017ce je\u015bli b\u0119d\u0105 dawa\u0107 z siebie wszystko, czyta\u0107 w my\u015blach partnera i spe\u0142nia\u0107 jego oczekiwania, zostan\u0105 zaakceptowani. Jednak pod tym zachowaniem kryje si\u0119 <strong>l\u0119k o przetrwanie<\/strong>, kt\u00f3rego korzenie si\u0119gaj\u0105 dzieci\u0144stwa.<\/p>\n<p>Dzieci, kt\u00f3re ba\u0142y si\u0119, \u017ce rodzice ich opuszcz\u0105, lub \u017ce nie poradz\u0105 sobie bez nich, rozwijaj\u0105 g\u0142\u0119boki l\u0119k, \u017ce kiedy kto\u015b od nich odejdzie, nie prze\u017cyj\u0105 tego. To uczucie osobi\u015bcie mi towarzyszy\u0142o. Po rozpadzie pierwszego powa\u017cnego zwi\u0105zku by\u0142am przekonana, \u017ce to koniec \u2013 nie potrafi\u0142am sobie wyobrazi\u0107 \u017cycia bez tego m\u0119\u017cczyzny. Dzi\u015b wiem, \u017ce to by\u0142 wsp\u00f3\u0142uzale\u017cnienie, ale wtedy czu\u0142am si\u0119, jakbym rozpada\u0142a si\u0119 na kawa\u0142ki, niesprawiedliwie \u201eporzucona\u201d mimo ca\u0142ego mojego po\u015bwi\u0119cenia.<\/p>\n<p><strong>Mi\u0142o\u015b\u0107 nie zna strachu<\/strong><\/p>\n<p>Cz\u0119sto mylimy mi\u0142o\u015b\u0107 z l\u0119kiem \u2013 wydaje nam si\u0119, \u017ce to, co robimy dla drugiej osoby, wyp\u0142ywa z mi\u0142o\u015bci. W rzeczywisto\u015bci, jest to l\u0119k przed odrzuceniem.<\/p>\n<p><strong>S\u0105 dwa podej\u015bcia do \u017cycia: mo\u017cna \u017cy\u0107 z mi\u0142o\u015bci lub z l\u0119ku.<\/strong> Mi\u0142o\u015b\u0107 si\u0119 nie boi. W tym kursie naucz\u0119 Ci\u0119, jak \u017cy\u0107 w mi\u0142o\u015bci.<\/p>\n<p>&nbsp;<\/p>\n<p><strong>Jak ten kurs zmieni Twoje \u017cycie?<\/strong><\/p>\n<ul>\n<li>Zrobisz pierwszy krok w stron\u0119 emocjonalnej niezale\u017cno\u015bci.<\/li>\n<li>Nauczysz si\u0119, jak zbudowa\u0107 zdrowe poczucie w\u0142asnej warto\u015bci.<\/li>\n<li>Zainicjujesz proces budowania mi\u0142o\u015bci do siebie.<\/li>\n<li>Skontaktujesz si\u0119 ze swoim wewn\u0119trznym dzieckiem i uzdrowisz emocjonalne braki.<\/li>\n<li>Odkryjesz, kt\u00f3re z Twoich relacji opieraj\u0105 si\u0119 na l\u0119ku, i by\u0107 mo\u017ce zako\u0144czysz je.<\/li>\n<li>Zrozumiesz, jak dzia\u0142a mechanizm wsp\u00f3\u0142uzale\u017cnienia.<\/li>\n<li>Zaczniesz tworzy\u0107 relacje oparte na zaufaniu i mi\u0142o\u015bci.<\/li>\n<li>Odkryjesz now\u0105 jako\u015b\u0107 relacji \u2013 zar\u00f3wno z samym sob\u0105, jak i z innymi.<\/li>\n<\/ul>\n<p>&nbsp;<\/p>\n<p style=\"text-align: center;\"><strong>Blisko\u015b\u0107 z innymi zaczyna si\u0119 od blisko\u015bci ze sob\u0105.<\/strong><\/p>\n<p>Nazwij swoj\u0105 prawd\u0119, poczuj do siebie wsp\u00f3\u0142czucie i zbuduj wewn\u0119trzn\u0105 mi\u0142o\u015b\u0107. Zobaczysz, jak wielk\u0105 warto\u015b\u0107 ma Twoje \u017cycie.<\/p>\n<p><strong>W programie znajdziesz m.in.:<\/strong><\/p>\n<ul>\n<li>Czym jest wsp\u00f3\u0142uzale\u017cnienie?<\/li>\n<li>Przyczyny wej\u015bcia we wsp\u00f3\u0142uzale\u017cnienie.<\/li>\n<li>Procesy uwalniaj\u0105ce emocje.<\/li>\n<li>Prac\u0119 z wewn\u0119trznym dzieckiem.<\/li>\n<li>Sk\u0105d bierze si\u0119 \u201ekochanie za mocno\u201d?<\/li>\n<li>Jak bezpiecznie wyra\u017ca\u0107 siebie?<\/li>\n<li>Tworzenie zwi\u0105zk\u00f3w opartych na mi\u0142o\u015bci, a nie l\u0119ku.<\/li>\n<li>Uzdrawianie relacji z rodzicami.<\/li>\n<\/ul>\n<div class=\"flex-1 overflow-hidden\">\n<div class=\"h-full\">\n<div class=\"react-scroll-to-bottom--css-prjkd-79elbk h-full\">\n<div class=\"react-scroll-to-bottom--css-prjkd-1n7m0yu\">\n<div class=\"flex flex-col text-sm md:pb-9\">\n<article class=\"w-full text-token-text-primary focus-visible:outline-2 focus-visible:outline-offset-[-4px]\" dir=\"auto\" data-testid=\"conversation-turn-13\" data-scroll-anchor=\"true\">\n<div class=\"text-base py-[18px] px-3 md:px-4 m-auto w-full md:px-5 lg:px-1 xl:px-5\">\n<div class=\"mx-auto flex flex-1 gap-4 text-base md:gap-5 lg:gap-6 md:max-w-3xl lg:max-w-[40rem] xl:max-w-[48rem]\">\n<div class=\"group\/conversation-turn relative flex w-full min-w-0 flex-col agent-turn\">\n<div class=\"flex-col gap-1 md:gap-3\">\n<div class=\"flex max-w-full flex-col flex-grow\">\n<div class=\"min-h-[20px] text-message flex w-full flex-col items-end gap-2 whitespace-normal break-words [.text-message+&amp;]:mt-5\" dir=\"auto\" data-message-author-role=\"assistant\" data-message-id=\"3c776c4f-fd77-4b68-99d2-795874268b10\">\n<div class=\"flex w-full flex-col gap-1 empty:hidden first:pt-[3px]\">\n<div class=\"result-streaming markdown prose w-full break-words dark:prose-invert light\">\n<p>To praca na niezwykle g\u0142\u0119bokim poziomie, dlatego mo\u017cesz spodziewa\u0107 si\u0119 pot\u0119\u017cnych transformacji zar\u00f3wno w sferze duchowej, jak i fizycznej. Warsztaty zosta\u0142y starannie zaplanowane, aby po\u0142\u0105czy\u0107 tre\u015bci teoretyczne z intensywn\u0105 prac\u0105 coachingow\u0105 oraz g\u0142\u0119bokimi procesami uwalniaj\u0105cymi. Dzi\u0119ki temu do\u015bwiadczysz prawdziwej przemiany i odczujesz pozytywne zmiany w ka\u017cdej dziedzinie swojego \u017cycia.<\/p>\n<\/div>\n<\/div>\n<\/div>\n<\/div>\n<\/div>\n<\/div>\n<\/div>\n<\/div>\n<\/article>\n<\/div>\n<\/div>\n<\/div>\n<\/div>\n<\/div>\n<p><em><strong>Kurs nie zast\u0119puje konsultacji medycznej, a uczestnictwo w nim ma charakter dobrowolny.<\/strong><\/em><\/p>\n<p><strong>W jaki spos\u00f3b pracujemy?<\/strong><\/p>\n<p>Zapis 2h video na dedykowanej platformie na zawsze \u2013 <strong>ogl\u0105dasz, kiedy chcesz.<\/strong><\/p>\n<ul>\n<li>Cz\u0119\u015b\u0107 teoretyczna<\/li>\n<li>Procesy uwalniaj\u0105ce<\/li>\n<\/ul>\n<p>&nbsp;<\/p>\n","protected":false},"excerpt":{"rendered":"<p>Poka\u017c\u0119 Ci, \u017ce Twoje bezpiecze\u0144stwo, poczucie warto\u015bci i mi\u0142o\u015b\u0107 s\u0105 ju\u017c w Tobie. Nie musisz szuka\u0107 nikogo, kto to potwierdzi!<\/p>\n<p><strong>Program przeznaczony jest dla kobiet, kt\u00f3re:<\/strong><\/p>\n<ul>\n<li>Czuj\u0105 si\u0119 samotne lub niekochane, mimo \u017ce s\u0105 w relacjach<\/li>\n<li>Do\u015bwiadczaj\u0105 pustki w \u017cyciu i braku sensu<\/li>\n<li>Maj\u0105 trudne relacje z rodzicami, zmagaj\u0105 si\u0119 z problemami DDA<\/li>\n<li>Porzuci\u0142y swoje marzenia i zatraci\u0142y siebie w codzienno\u015bci<\/li>\n<li>Zmagaj\u0105 si\u0119 z niskim poczuciem w\u0142asnej warto\u015bci i stagnacj\u0105<\/li>\n<li>Pragn\u0105 odej\u015b\u0107 od partnera, ale brak im si\u0142y i odwagi<\/li>\n<li>Czuj\u0105, \u017ce po rozstaniu &#8222;umieraj\u0105&#8221; i trac\u0105 grunt pod nogami<\/li>\n<li>Nie potrafi\u0105 stworzy\u0107 zdrowej i spe\u0142nionej relacji<\/li>\n<li>Kochaj\u0105 &#8222;za bardzo&#8221; \u2013 rodzic\u00f3w, partner\u00f3w, bliskich<\/li>\n<li>Maj\u0105 poczucie, \u017ce w relacji daj\u0105 wi\u0119cej, ni\u017c otrzymuj\u0105<\/li>\n<li>S\u0105 uzale\u017cnione od akceptacji innych ludzi<\/li>\n<li>Przejmuj\u0105 odpowiedzialno\u015b\u0107 za emocje i zachowania innych os\u00f3b<\/li>\n<\/ul>\n","protected":false},"featured_media":31406,"template":"","meta":{"jetpack_post_was_ever_published":true,"jetpack_publicize_message":"","jetpack_publicize_feature_enabled":true,"jetpack_social_post_already_shared":true,"jetpack_social_options":{"image_generator_settings":{"template":"highway","default_image_id":0,"font":"","enabled":false},"version":2}},"product_brand":[],"product_cat":[69],"product_tag":[],"class_list":{"0":"post-30171","1":"product","2":"type-product","3":"status-publish","4":"has-post-thumbnail","6":"product_cat-kursy","8":"first","9":"instock","10":"virtual","11":"purchasable","12":"product-type-simple"},"jetpack_publicize_connections":[],"jetpack_sharing_enabled":true,"_links":{"self":[{"href":"https:\/\/mocyoni.com\/index.php\/wp-json\/wp\/v2\/product\/30171","targetHints":{"allow":["GET"]}}],"collection":[{"href":"https:\/\/mocyoni.com\/index.php\/wp-json\/wp\/v2\/product"}],"about":[{"href":"https:\/\/mocyoni.com\/index.php\/wp-json\/wp\/v2\/types\/product"}],"wp:featuredmedia":[{"embeddable":true,"href":"https:\/\/mocyoni.com\/index.php\/wp-json\/wp\/v2\/media\/31406"}],"wp:attachment":[{"href":"https:\/\/mocyoni.com\/index.php\/wp-json\/wp\/v2\/media?parent=30171"}],"wp:term":[{"taxonomy":"product_brand","embeddable":true,"href":"https:\/\/mocyoni.com\/index.php\/wp-json\/wp\/v2\/product_brand?post=30171"},{"taxonomy":"product_cat","embeddable":true,"href":"https:\/\/mocyoni.com\/index.php\/wp-json\/wp\/v2\/product_cat?post=30171"},{"taxonomy":"product_tag","embeddable":true,"href":"https:\/\/mocyoni.com\/index.php\/wp-json\/wp\/v2\/product_tag?post=30171"}],"curies":[{"name":"wp","href":"https:\/\/api.w.org\/{rel}","templated":true}]}}