{"id":30050,"date":"2023-02-05T19:41:04","date_gmt":"2023-02-05T18:41:04","guid":{"rendered":"https:\/\/mocyoni.com\/?post_type=product&#038;p=30050"},"modified":"2026-04-03T22:09:54","modified_gmt":"2026-04-03T20:09:54","slug":"moja-yoni-orgazmiczna-przyjemnosc","status":"publish","type":"product","link":"https:\/\/mocyoni.com\/index.php\/produkt\/moja-yoni-orgazmiczna-przyjemnosc\/","title":{"rendered":"Moja Yoni &#8211; orgazmiczna przyjemno\u015b\u0107"},"content":{"rendered":"<h4 style=\"text-align: center;\">Orgazmiczna Przyjemno\u015b\u0107: Moja Yoni<\/h4>\n<p>&nbsp;<\/p>\n<p>Masterclass \u201eMoja Yoni \u2013 orgazmiczna przyjemno\u015b\u0107\u201d jest cz\u0119\u015bci\u0105 kursu \u201e\u015awi\u0119ta Seksualno\u015b\u0107 \u2013 moc tworzenia\u201d. Zosta\u0142 stworzony jako samodzielne wydarzenie, aby\u015b mog\u0142a w pe\u0142ni odkrywa\u0107 i cieszy\u0107 si\u0119 swoj\u0105 unikaln\u0105 seksualno\u015bci\u0105.<\/p>\n<p><strong>Czy pragniesz pozna\u0107 swoje boginiczne cia\u0142o?<\/strong><\/p>\n<p>Twoje cia\u0142o jest rzeczywi\u015bcie BOGINICZNE \u2013 tylko mo\u017ce nigdy nie mia\u0142a\u015b okazji, by je naprawd\u0119 odkry\u0107 i doceni\u0107!<\/p>\n<p>Twoja Yoni, poprzez regularn\u0105 praktyk\u0119, mo\u017ce sta\u0107 si\u0119 \u017ar\u00f3d\u0142em wielkiej przyjemno\u015bci i m\u0105dro\u015bci. Nauczysz si\u0119, jak reaguje na r\u00f3\u017cne bod\u017ace i jak jej zmiany cykliczne mog\u0105 wp\u0142ywa\u0107 na Twoje \u017cycie. Twoje cia\u0142o wie, czego pragnie \u2013 czas to odkry\u0107! Twoja Yoni wie, czy pragnie zbli\u017cenia z dan\u0105 osob\u0105 i jakiego dotyku potrzebuje. Niestety, przez wiele lat mog\u0142y\u015bmy by\u0107 odci\u0119te od tego wewn\u0119trznego g\u0142osu i nie zna\u0142y\u015bmy potrzeb swojego cia\u0142a.<\/p>\n<h5><strong>Czy Twoja Yoni jest \u017cywa i soczysta?<\/strong><\/h5>\n<p>Regularne praktyki z Yoni mog\u0105 pom\u00f3c w rozpuszczeniu napi\u0119\u0107, uwolnieniu emocji i blokad, kt\u00f3re mog\u0142y si\u0119 nagromadzi\u0107 przez lata. Cia\u0142a kobiet cz\u0119sto przechowuj\u0105 wspomnienia i emocje zwi\u0105zane z traumatycznymi do\u015bwiadczeniami, w tym wykorzystaniem czy nadu\u017cyciami, czasami wystarczy wspomnienie nieprzyjemnego dotyku podczas toalety cia\u0142a. Nasze cia\u0142a s\u0105 te\u017c po\u0142\u0105czone z rodem, to dlatego w\u0142a\u015bnie czasami przychodz\u0105 do Ciebie nieoczekiwane emocje, l\u0119ki, a nawet fizyczny b\u00f3l.<\/p>\n<p>&nbsp;<\/p>\n<div dir=\"auto\"><strong>\u017bywa, czu\u0142a Yoni potrafi przenie\u015b\u0107 Ci\u0119 w prawdziw\u0105 krain\u0119 rozkoszy, ale do tego potrzebujesz &#8211; pozwoli\u0107 sobie na to!<\/strong><\/div>\n<div dir=\"auto\"><\/div>\n<div dir=\"auto\">\n<p>Je\u015bli nauczysz si\u0119 uwa\u017cno\u015bci na swoj\u0105 Yoni i regularnie z ni\u0105 pracujesz, stanie si\u0119 ona bardziej rozlu\u017aniona i pe\u0142na \u017cycia. Nap\u0142yw krwi i tlenu sprawiaj\u0105, \u017ce Twoja Yoni zyskuje nowe, g\u0142\u0119bokie prze\u017cycia. Czas przypomnie\u0107 sobie, \u017ce nasze cia\u0142o to nie tylko narz\u0119dzie do osi\u0105gania przyjemno\u015bci i orgazm\u00f3w, ale tak\u017ce wymaga naszej uwagi, czu\u0142o\u015bci i mi\u0142o\u015bci.<\/p>\n<\/div>\n<p><strong>Jeste\u015bmy kobietami \u2013 jeste\u015bmy stworzone do tworzenia, kreowania i inspiracji!<\/strong><\/p>\n<h4>Jak zmieni si\u0119 Twoje \u017cycie po tym kursie?<\/h4>\n<ul>\n<li>Odkryjesz na nowo swoje cia\u0142o, a szczeg\u00f3lnie swoj\u0105 Yoni.<\/li>\n<li>Odzyskasz kontakt ze swoj\u0105 cielesno\u015bci\u0105 w pe\u0142nym szacunku i szczero\u015bci.<\/li>\n<li>Zaczniesz rozkoszowa\u0107 si\u0119 zbli\u017ceniami z partnerem.<\/li>\n<li>Przestaniesz ba\u0107 si\u0119 dotyka\u0107 swojej Yoni.<\/li>\n<li>Odkryjesz przyjemno\u015b\u0107 p\u0142yn\u0105c\u0105 z samomi\u0142o\u015bci.<\/li>\n<li>Rozbudzisz swoj\u0105 seksualno\u015b\u0107 poprzez \u0107wiczenia energetyczne.<\/li>\n<li>Nauczysz si\u0119 pobudza\u0107 swoj\u0105 \u201e\u015awi\u0119t\u0105 Bram\u0119\u201d.<\/li>\n<li>Poznasz Yoni Mapping oraz praktyk\u0119 z jajeczkiem Yoni.<\/li>\n<li>Po\u0142\u0105czysz si\u0119 ze swoj\u0105 Yoni podczas medytacji.<\/li>\n<\/ul>\n<p>&nbsp;<\/p>\n<p><strong>Odkryj orgazmiczn\u0105 przyjemno\u015b\u0107!<\/strong><\/p>\n<p>Pomog\u0119 Ci na tej drodze, je\u015bli tego chcesz. Twoja energia seksualna jest kluczowa dla \u017cycia i tw\u00f3rczo\u015bci \u2013 jej odkrywanie to powr\u00f3t do korzeni.<\/p>\n<p>&nbsp;<\/p>\n<blockquote><p><strong>Cz\u0142owiek jest stwarzany przez kobiet\u0119 w jej \u0142onie, a impulsem do tego stworzenia jest w\u0142a\u015bnie energia seksualna &#8211; w momencie pocz\u0119cia wytwarza si\u0119 ogromna jej ilo\u015b\u0107, kt\u00f3ra wed\u0142ug taoistycznych przekaz\u00f3w starcza cz\u0142owiekowi na ca\u0142e jego \u017cycie. Odcinanie si\u0119 od tej energii, to odcinanie sobie korzeni.<\/strong><\/p><\/blockquote>\n<p><strong>W programie m.in.:<\/strong><\/p>\n<ul>\n<li>Moja Yoni \u2013 moja seksualno\u015b\u0107<\/li>\n<li>Jak pobudza\u0107 swoj\u0105 \u201e\u015awi\u0119t\u0105 Bram\u0119\u201d?<\/li>\n<li>Yoni Mapping<\/li>\n<li>Praca z jajeczkiem Yoni<\/li>\n<li>Orgazm \u2013 cudowna droga, nie cel<\/li>\n<\/ul>\n<p>&nbsp;<\/p>\n<div class=\"flex-1 overflow-hidden\">\n<div class=\"h-full\">\n<div class=\"react-scroll-to-bottom--css-prjkd-79elbk h-full\">\n<div class=\"react-scroll-to-bottom--css-prjkd-1n7m0yu\">\n<div class=\"flex flex-col text-sm md:pb-9\">\n<article class=\"w-full text-token-text-primary focus-visible:outline-2 focus-visible:outline-offset-[-4px]\" dir=\"auto\" data-testid=\"conversation-turn-13\" data-scroll-anchor=\"true\">\n<div class=\"text-base py-[18px] px-3 md:px-4 m-auto w-full md:px-5 lg:px-1 xl:px-5\">\n<div class=\"mx-auto flex flex-1 gap-4 text-base md:gap-5 lg:gap-6 md:max-w-3xl lg:max-w-[40rem] xl:max-w-[48rem]\">\n<div class=\"group\/conversation-turn relative flex w-full min-w-0 flex-col agent-turn\">\n<div class=\"flex-col gap-1 md:gap-3\">\n<div class=\"flex max-w-full flex-col flex-grow\">\n<div class=\"min-h-[20px] text-message flex w-full flex-col items-end gap-2 whitespace-normal break-words [.text-message+&amp;]:mt-5\" dir=\"auto\" data-message-author-role=\"assistant\" data-message-id=\"3c776c4f-fd77-4b68-99d2-795874268b10\">\n<div class=\"flex w-full flex-col gap-1 empty:hidden first:pt-[3px]\">\n<div class=\"result-streaming markdown prose w-full break-words dark:prose-invert light\">\n<p>To praca na niezwykle g\u0142\u0119bokim poziomie, dlatego mo\u017cesz spodziewa\u0107 si\u0119 pot\u0119\u017cnych transformacji zar\u00f3wno w sferze duchowej, jak i fizycznej. Warsztaty zosta\u0142y starannie zaplanowane, aby po\u0142\u0105czy\u0107 tre\u015bci teoretyczne z intensywn\u0105 prac\u0105 coachingow\u0105 oraz g\u0142\u0119bokimi procesami uwalniaj\u0105cymi. Dzi\u0119ki temu do\u015bwiadczysz prawdziwej przemiany i odczujesz pozytywne zmiany w ka\u017cdej dziedzinie swojego \u017cycia.<\/p>\n<\/div>\n<\/div>\n<\/div>\n<\/div>\n<\/div>\n<\/div>\n<\/div>\n<\/div>\n<\/article>\n<\/div>\n<\/div>\n<\/div>\n<\/div>\n<\/div>\n<p><em><strong>Kurs nie zast\u0119puje konsultacji medycznej, a uczestnictwo w nim ma charakter dobrowolny.<\/strong><\/em><\/p>\n<p><strong>W jaki spos\u00f3b pracujemy?<\/strong><\/p>\n<p>Zapis 3h video na dedykowanej platformie na zawsze \u2013 <strong>ogl\u0105dasz, kiedy chcesz.<\/strong><\/p>\n<ul>\n<li>Cz\u0119\u015b\u0107 teoretyczna<\/li>\n<li>Praca z przekonaniami<\/li>\n<\/ul>\n<p>&nbsp;<\/p>\n","protected":false},"excerpt":{"rendered":"<p>To zmys\u0142owa podr\u00f3\u017c, podczas kt\u00f3rej odkryjesz swoj\u0105 Yoni i jej soczysto\u015b\u0107 oraz mi\u0119kko\u015b\u0107. \u017bywa, czu\u0142a Yoni ma moc przeniesienia Ci\u0119 w krain\u0119 rozkoszy, ale najpierw musisz pozwoli\u0107 sobie na t\u0119 przyjemno\u015b\u0107!<\/p>\n<p><strong>Masterclass jest dla kobiet, kt\u00f3re:<\/strong><\/p>\n<ul>\n<li>Chc\u0105 g\u0142\u0119biej pozna\u0107 siebie i zwi\u0119kszy\u0107 swoj\u0105 \u015bwiadomo\u015b\u0107 cia\u0142a<\/li>\n<li>Pragn\u0105 odkry\u0107 moc ukryt\u0105 w swojej Yoni<\/li>\n<li>Chc\u0105 poczu\u0107 si\u0119 bardziej kobieco i pewnie we w\u0142asnym ciele<\/li>\n<li>Pragn\u0105 do\u015bwiadczy\u0107 po\u0142\u0105czenia mi\u0119dzy Sercem a Yoni<\/li>\n<li>Maj\u0105 trudno\u015bci w zaakceptowaniu siebie jako istoty seksualnej<\/li>\n<li>Chc\u0105 wprowadzi\u0107 wi\u0119cej przyjemno\u015bci i lekko\u015bci do swojego \u017cycia<\/li>\n<li>Pragn\u0105 cieszy\u0107 si\u0119 orgazmiczn\u0105 przyjemno\u015bci\u0105 podczas zbli\u017ce\u0144 z partnerem<\/li>\n<\/ul>\n","protected":false},"featured_media":31407,"template":"","meta":{"jetpack_post_was_ever_published":true,"jetpack_publicize_message":"","jetpack_publicize_feature_enabled":true,"jetpack_social_post_already_shared":true,"jetpack_social_options":{"image_generator_settings":{"template":"highway","default_image_id":0,"font":"","enabled":false},"version":2}},"product_brand":[],"product_cat":[69],"product_tag":[],"class_list":{"0":"post-30050","1":"product","2":"type-product","3":"status-publish","4":"has-post-thumbnail","6":"product_cat-kursy","8":"first","9":"instock","10":"virtual","11":"purchasable","12":"product-type-simple"},"jetpack_publicize_connections":[],"jetpack_sharing_enabled":true,"_links":{"self":[{"href":"https:\/\/mocyoni.com\/index.php\/wp-json\/wp\/v2\/product\/30050","targetHints":{"allow":["GET"]}}],"collection":[{"href":"https:\/\/mocyoni.com\/index.php\/wp-json\/wp\/v2\/product"}],"about":[{"href":"https:\/\/mocyoni.com\/index.php\/wp-json\/wp\/v2\/types\/product"}],"wp:featuredmedia":[{"embeddable":true,"href":"https:\/\/mocyoni.com\/index.php\/wp-json\/wp\/v2\/media\/31407"}],"wp:attachment":[{"href":"https:\/\/mocyoni.com\/index.php\/wp-json\/wp\/v2\/media?parent=30050"}],"wp:term":[{"taxonomy":"product_brand","embeddable":true,"href":"https:\/\/mocyoni.com\/index.php\/wp-json\/wp\/v2\/product_brand?post=30050"},{"taxonomy":"product_cat","embeddable":true,"href":"https:\/\/mocyoni.com\/index.php\/wp-json\/wp\/v2\/product_cat?post=30050"},{"taxonomy":"product_tag","embeddable":true,"href":"https:\/\/mocyoni.com\/index.php\/wp-json\/wp\/v2\/product_tag?post=30050"}],"curies":[{"name":"wp","href":"https:\/\/api.w.org\/{rel}","templated":true}]}}