{"id":29893,"date":"2023-01-01T11:33:13","date_gmt":"2023-01-01T10:33:13","guid":{"rendered":"https:\/\/mocyoni.com\/?post_type=product&#038;p=29893"},"modified":"2026-04-03T22:36:13","modified_gmt":"2026-04-03T20:36:13","slug":"swieta-seksualnosc-moc-tworzenia","status":"publish","type":"product","link":"https:\/\/mocyoni.com\/index.php\/produkt\/swieta-seksualnosc-moc-tworzenia\/","title":{"rendered":"\u015awi\u0119ta seksualno\u015b\u0107 &#8211; moc tworzenia!"},"content":{"rendered":"<h4 style=\"text-align: center\">Poczuj rajsk\u0105 przyjemno\u015b\u0107!<\/h4>\n<p>&nbsp;<\/p>\n<p>Od dzieci\u0144stwa odrzucamy co\u015b naturalnego &#8211; swoj\u0105 seksualno\u015b\u0107. Poprzez obrzydzanie jej przez doros\u0142ych, nieprzyjemn\u0105 piel\u0119gnacj\u0119, karanie za dzieci\u0119ce poznawanie swojego cia\u0142a, ale te\u017c nadu\u017cycia, molestowanie, czy wprowadzanie w nasze \u017cycie wstydu&#8230; W rezultacie zamykaj\u0105c si\u0119 na t\u0105 cz\u0119\u015b\u0107 siebie &#8211; zamykamy si\u0119 na wiele innych aspekt\u00f3w, kt\u00f3re z nasz\u0105 seksualno\u015bci\u0105 i sensualno\u015bci\u0105 s\u0105 po\u0142\u0105czone.<\/p>\n<p>Od\u0142\u0105czamy si\u0119 od naszej kreatywno\u015bci, ekspresji i spontaniczno\u015bci. Nasza energia seksualna jest te\u017c po\u0142\u0105czona z kreowaniem pieni\u0119dzy &#8211; z przyjmowaniem. Odcinanie si\u0119 od energii seksualnej, od sensualno\u015bci &#8211; to podcinanie korzeni, przez kt\u00f3re p\u0142ynie \u017cycie!<\/p>\n<p>Sztywniejemy w ruchach. Zamra\u017camy. Nasza miednica staje si\u0119, jak skamielina i mamy wra\u017cenie, \u017ce nie ma w niej \u017cycia ani czucia. Grz\u0119\u017anie nasz g\u0142os w gardle, kt\u00f3ry jest tak mocno po\u0142\u0105czony z Yoni.<\/p>\n<p>&nbsp;<\/p>\n<p style=\"text-align: center\"><strong>Aby Tw\u00f3j seks by\u0142 momentem Sacrum &#8211; rozpocznij celebrowa\u0107 swoj\u0105 kobieco\u015b\u0107.<\/strong><\/p>\n<p>&nbsp;<\/p>\n<p>Wyobra\u017a sobie to cudowne uczucie, gdy Tw\u00f3j partner celebruje Twoj\u0105 Yoni. Zachwyca si\u0119 jej zmienno\u015bci\u0105 i kszta\u0142tem. Nie zawstydza &#8211; ZACHWYCA!<\/p>\n<p>Dotyka z czu\u0142o\u015bci\u0105, nie po to, aby co\u015b w zamian uzyska\u0107. A po to, aby\u015b mog\u0142a rozp\u0142yn\u0105\u0107 si\u0119 w przyjemno\u015bci i bezpiecze\u0144stwie. Bo bez bez bezpiecze\u0144stwa &#8211; nie ma orgazmu. Bez odpuszczenia kontroli &#8211; nie ma orgazmu. Aby Tw\u00f3j seks by\u0142 takim \u015bwi\u0119tym momentem sama musisz celebrowa\u0107 swoj\u0105 kobieco\u015b\u0107. By\u0107 ciekawa swojego cia\u0142a, obserwowa\u0107 swoj\u0105 m\u0105dr\u0105 Yoni.<\/p>\n<p>&nbsp;<\/p>\n<h6>Marzysz o tworzeniu takiego zwi\u0105zku?<\/h6>\n<p>\u015awi\u0119ta Seksualno\u015b\u0107 nie jest o mechanicznych ruchach w prz\u00f3d i ty\u0142. Nie jest nawet o przyjemno\u015bci, jak\u0105 mo\u017cemy sobie da\u0107&#8230;<\/p>\n<p>Jest o unii mi\u0119dzy Kobiet\u0105, a M\u0119\u017cczyzn\u0105. O dw\u00f3ch energiach, kt\u00f3re si\u0119 \u0142\u0105cz\u0105. A to, co wewn\u0105trz &#8211; to na zewn\u0105trz. Kiedy sama zaczniesz traktowa\u0107 swoje cia\u0142o i siebie w taki spos\u00f3b, w jaki pragniesz czu\u0107 od partnera &#8211; ten dotyk, czu\u0142o\u015b\u0107 i rozkosz przyjdzie sama. Bez oporu. Bez nacisku. Bez oczekiwania, \u017ce taki powinien by\u0107. To przychodzi wtedy naturalnie.<\/p>\n<p>Poznawaj siebie, odkrywaj swoj\u0105 Yoni. Pokochaj j\u0105. B\u0105d\u017a jej ciekawa i z zachwytem obserwuj jak m\u0105dra jest. Rzadko widzimy obraz kobieco\u015bci pe\u0142nej, pi\u0119knej i spe\u0142nionej seksualnie &#8211; a tym samym pe\u0142nej p\u0142odno\u015bci i kreatywno\u015bci! A czy rozmowa o przyjemno\u015bci nie powinna by\u0107 dla nas czym\u015b naturalnym?<\/p>\n<p>&nbsp;<\/p>\n<p><strong>Odkryj swoje cia\u0142o na nowo, prze\u017cyj podr\u00f3\u017c przez krain\u0119 rozkoszy i zobacz, \u017ce to Tw\u00f3j naturalny stan!<\/strong><\/p>\n<p>&nbsp;<\/p>\n<h4>Jak zmieni si\u0119 Twoje \u017cycie po tym kursie?<\/h4>\n<ul>\n<li>Odkryjesz czym jest sensualno\u015b\u0107, a seksualno\u015b\u0107<\/li>\n<li>Zanurzysz si\u0119 w zmys\u0142ach<\/li>\n<li>Zaczniesz rozkoszowa\u0107 si\u0119 zbli\u017ceniami z partnerem<\/li>\n<li>Przestaniesz ba\u0107 si\u0119 dotyka\u0107 swojej Yoni i odkryjesz jak przyjemny jest Tw\u00f3j dotyk<\/li>\n<li>Poznasz swoje wzorce seksualne z domu rodzinnego i przetransformujesz je<\/li>\n<li>Odkryjesz i zmienisz swoje przekonania do seksualno\u015bci<\/li>\n<li>Rozbudzisz swoj\u0105 seksualno\u015b\u0107 poprzez \u0107wiczenia energetyczne<\/li>\n<li>Nauczysz si\u0119 jak pobudza\u0107 swoj\u0105 \u201e\u015awi\u0119t\u0105 Bram\u0119\u201d<\/li>\n<li>Dowiesz si\u0119 czym jest Yoni Mapping oraz praktyka z jajeczkiem Yoni<\/li>\n<li>Po\u0142\u0105czysz si\u0119 ze swoj\u0105 Yoni w medytacji<\/li>\n<li>Dowiesz si\u0119 co lubi Twoje cia\u0142o, nawi\u0105\u017cesz z nim bli\u017cszy kontakt<\/li>\n<li>Poczujesz mi\u0142o\u015b\u0107 do swojego brzucha i piersi<\/li>\n<li>Dowiesz si\u0119 jak rozbudzi\u0107 energi\u0119 kreacji<\/li>\n<li>Otrzymasz dok\u0142adne praktyki na stwarzanie relacji ze swoj\u0105 Yoni<\/li>\n<\/ul>\n<p>&nbsp;<\/p>\n<p style=\"text-align: center\"><strong>Poczuj si\u0119 Bogini\u0105 w swoim ciele i tw\u00f3rz najpi\u0119kniejsze \u017cycie!<\/strong><\/p>\n<p style=\"text-align: center\">A ja pomog\u0119 Ci na tej drodze, je\u015bli tego chcesz.<\/p>\n<p>&nbsp;<\/p>\n<p>&nbsp;<\/p>\n<p><strong>To kilka wiadomo\u015bci od Kobiet, kt\u00f3re przesz\u0142y ju\u017c t\u0105 pi\u0119kn\u0105 podr\u00f3\u017c!<\/strong><\/p>\n<blockquote><p>&#8222;Czuj\u0119 rado\u015b\u0107 i ekscytacj\u0119 na t\u0119 podr\u00f3\u017c, bo po\u0142\u0105czenie serca i yoni praktycznie u mnie nie istnia\u0142o &#8211; a teraz zobaczy\u0142am, \u017ce to mo\u017cliwe&#8221;<\/p>\n<p>&#8222;Nauczy\u0142am si\u0119, \u017ce po\u0142\u0105czenie yoni-serce jest mo\u017cliwe i mam ch\u0119\u0107 praktykowa\u0107 go cz\u0119\u015bciej, a\u017c stanie si\u0119 nawykiem&#8221;<\/p>\n<p>&#8222;Czu\u0142am b\u0142ogo\u015b\u0107 i odp\u0142yni\u0119cie w mojej przyjemno\u015bci, i w przyjemno\u015bci ze sob\u0105 z moj\u0105 Yoni&#8221;<\/p><\/blockquote>\n<h4>W programie m.in. pojawi\u0105 si\u0119 tematy:<\/h4>\n<ol>\n<li>Seksualno\u015b\u0107, a sensualno\u015b\u0107<\/li>\n<li>Wzorce seksualno\u015bci wyniesione z dzieci\u0144stwa<\/li>\n<li>Dwa najpopularniejsze paradygmaty o seksie<\/li>\n<li>Orgazm &#8211; cudowna droga, nie cel<\/li>\n<li>Kiedy seks si\u0119 udaje?<\/li>\n<li>Moja seksualno\u015b\u0107 &#8211; moja Yoni<\/li>\n<li>Seksualno\u015b\u0107 Kobiet &#8211; kobieta mo\u017ce lubi\u0107 seks<\/li>\n<li>Piersi i brzuch &#8211; moje dziedzictwo<\/li>\n<li>Jak rozbudzi\u0107 swoj\u0105 energi\u0119 kreacji\/seksualn\u0105?<\/li>\n<li>Dynamika kochanki, gwa\u0142tu<\/li>\n<li>Seks jest \u015bwi\u0119ty!<\/li>\n<\/ol>\n<p>&nbsp;<\/p>\n<p><strong>To praca na bardzo g\u0142\u0119bokim poziomie, dlatego mo\u017cesz spodziewa\u0107 si\u0119 podczas jego trwania i po nim ogromne transformacje, zar\u00f3wno na poziomie duchowym, jak i fizycznym.\u00a0<\/strong>Spotkania b\u0119d\u0105 podzielone na tre\u015bci teoretyczne, prac\u0119 coachingow\u0105 oraz procesy uwalniaj\u0105ce.<\/p>\n<p>Kurs nie zast\u0119puje konsultacji medycznej, a uczestnictwo w nim ma charakter dobrowolny.<\/p>\n<p>&nbsp;<\/p>\n<h4>W jaki spos\u00f3b pracujemy?<\/h4>\n<ul>\n<li>Czas nagrania ok. 10h<\/li>\n<li>Cz\u0119\u015b\u0107 teoretyczna<\/li>\n<li>Praca z przekonaniami<\/li>\n<li>Medytacja &#8222;tantryczna&#8221;<\/li>\n<li>Medytacja po\u0142\u0105czenia Serca i Yoni<\/li>\n<li>\u0106wiczenia aktywuj\u0105ce sensualno\u015b\u0107 i seksualno\u015b\u0107<\/li>\n<li>Podsumowuj\u0105cy PDF<\/li>\n<\/ul>\n<p>&nbsp;<\/p>\n<p>Mo\u017cliwo\u015b\u0107 p\u0142atno\u015bci w dw\u00f3ch ratach &#8211; napisz do mnie wiadomo\u015b\u0107 prywatn\u0105.<\/p>\n","protected":false},"excerpt":{"rendered":"<p>Zapraszam Ci\u0119 na t\u0105 zmys\u0142ow\u0105 podr\u00f3\u017c przez krain\u0119 rozkoszy, podczas kt\u00f3rej poznasz swoje \u015awi\u0119te Cia\u0142o. Poznasz mo\u017cliwo\u015b\u0107 tworzenia z lekko\u015bci\u0105 i przyjemno\u015bci\u0105. Rozbudzisz swoj\u0105 energi\u0119 seksualn\u0105 i sensualn\u0105, a dzi\u0119ki temu poczujesz ekspansj\u0119 kreatywno\u015bci, rado\u015bci i b\u0142ogo\u015bci.<\/p>\n<p><strong>Kurs przeznaczony jest dla kobiet, kt\u00f3re:<\/strong><\/p>\n<ul>\n<li>Chc\u0105 g\u0142\u0119biej pozna\u0107 swoje cia\u0142o i czerpa\u0107 z niego przyjemno\u015b\u0107,<\/li>\n<li>Czuj\u0105 l\u0119k, wstyd, poczucie winy, gdy my\u015bl\u0105 o seksie,<\/li>\n<li>Chc\u0105 odkry\u0107 moc ukryt\u0105 w ich ciele i kobieco\u015bci,<\/li>\n<li>Maj\u0105 trudno\u015b\u0107 z przep\u0142ywem kreatywno\u015bci i tworzeniem,<\/li>\n<li>Maj\u0105 trudno\u015b\u0107 w pozwoleniu sobie na dbanie o siebie i odpoczynek,<\/li>\n<li>Maj\u0105 trudno\u015b\u0107 w zaakceptowaniu siebie, jako istoty seksualnej,<\/li>\n<li>Chc\u0105 pozwoli\u0107 sobie na przyjemno\u015b\u0107 i lekko\u015b\u0107 w swoim \u017cyciu<\/li>\n<\/ul>\n<p>&nbsp;<\/p>\n<p>Podczas 10h nagra\u0144 b\u0119dziemy pracowa\u0107 na holistycznie. Otrzymasz mn\u00f3stwo merytorycznej wiedzy, przeprowadz\u0119 Ci\u0119 poprzez grupowe procesy, odkryjesz swoje niesprzyjaj\u0105ce przekonania, a tak\u017ce wykonasz \u0107wiczenia energetyczne.<\/p>\n<p>Dodatkowo czeka na Ciebie bardzo transformuj\u0105ca medytacja.<\/p>\n","protected":false},"featured_media":31412,"template":"","meta":{"jetpack_post_was_ever_published":true,"jetpack_publicize_message":"","jetpack_publicize_feature_enabled":true,"jetpack_social_post_already_shared":true,"jetpack_social_options":{"image_generator_settings":{"template":"highway","default_image_id":0,"font":"","enabled":false},"version":2}},"product_brand":[],"product_cat":[69],"product_tag":[],"class_list":{"0":"post-29893","1":"product","2":"type-product","3":"status-publish","4":"has-post-thumbnail","6":"product_cat-kursy","8":"first","9":"instock","10":"virtual","11":"purchasable","12":"product-type-simple"},"jetpack_publicize_connections":[],"jetpack_sharing_enabled":true,"_links":{"self":[{"href":"https:\/\/mocyoni.com\/index.php\/wp-json\/wp\/v2\/product\/29893","targetHints":{"allow":["GET"]}}],"collection":[{"href":"https:\/\/mocyoni.com\/index.php\/wp-json\/wp\/v2\/product"}],"about":[{"href":"https:\/\/mocyoni.com\/index.php\/wp-json\/wp\/v2\/types\/product"}],"wp:featuredmedia":[{"embeddable":true,"href":"https:\/\/mocyoni.com\/index.php\/wp-json\/wp\/v2\/media\/31412"}],"wp:attachment":[{"href":"https:\/\/mocyoni.com\/index.php\/wp-json\/wp\/v2\/media?parent=29893"}],"wp:term":[{"taxonomy":"product_brand","embeddable":true,"href":"https:\/\/mocyoni.com\/index.php\/wp-json\/wp\/v2\/product_brand?post=29893"},{"taxonomy":"product_cat","embeddable":true,"href":"https:\/\/mocyoni.com\/index.php\/wp-json\/wp\/v2\/product_cat?post=29893"},{"taxonomy":"product_tag","embeddable":true,"href":"https:\/\/mocyoni.com\/index.php\/wp-json\/wp\/v2\/product_tag?post=29893"}],"curies":[{"name":"wp","href":"https:\/\/api.w.org\/{rel}","templated":true}]}}