{"id":29890,"date":"2022-12-31T21:08:30","date_gmt":"2022-12-31T20:08:30","guid":{"rendered":"https:\/\/mocyoni.com\/?post_type=product&#038;p=29890"},"modified":"2026-04-03T22:08:46","modified_gmt":"2026-04-03T20:08:46","slug":"moja-kobiecosc-moja-moc","status":"publish","type":"product","link":"https:\/\/mocyoni.com\/index.php\/produkt\/moja-kobiecosc-moja-moc\/","title":{"rendered":"Moja Kobieco\u015b\u0107 &#8211; Moja Moc!"},"content":{"rendered":"<h4 style=\"text-align: center\"><strong>&#8230;bo kobieco\u015b\u0107 ma wiele twarzy&#8230;<\/strong><\/h4>\n<p>&nbsp;<\/p>\n<p>Kobieco\u015b\u0107 nie ma jednej idealnej formy. Nie ma &#8222;wzorca&#8221; perfekcyjnej Kobiety.<\/p>\n<p>Kiedy\u015b s\u0105dzi\u0142am, \u017ce tylko b\u0119d\u0105c w archetypie &#8222;kr\u00f3lowej&#8221; i schemacie, w jakim ona si\u0119 zachowuje mo\u017cna mie\u0107 szcz\u0119\u015bliwe zwi\u0105zki, spe\u0142nione \u017cycie i zdrowe relacje. S\u0105dzi\u0142am, \u017ce musz\u0119 by\u0107 &#8222;jaka\u015b&#8221; i tej wizji si\u0119 trzyma\u0107. Ale Kobieco\u015b\u0107 to nie sztywne ramy!<\/p>\n<p>Dzi\u015b twierdz\u0119, \u017ce to nie o to w tym chodzi. Kobieco\u015b\u0107 to ogromna paleta barw.<\/p>\n<p>&nbsp;<\/p>\n<h4 style=\"text-align: center\"><strong>Poczuj, jaka jest Twoja kobieca esencja i rozpocznij \u017cy\u0107 spe\u0142niaj\u0105c swoje pragnienia w lekko\u015bci i przyjemno\u015bci!<\/strong><\/h4>\n<p style=\"text-align: center\">Chodzi jedynie o to, czy Tobie, w Twojej kobieco\u015bci jest wygodnie&#8230;<\/p>\n<p>&nbsp;<\/p>\n<p>&nbsp;<\/p>\n<h6>Zadam Ci teraz kilka pyta\u0144:<\/h6>\n<p>&nbsp;<\/p>\n<p>Co my\u015blisz o sobie, kiedy m\u00f3wisz \u2013 jestem kobiet\u0105?<\/p>\n<p>Ci\u0119\u017cko Ci z Twoj\u0105 kobieco\u015bci\u0105?<br \/>\nCzy Twoja kobieco\u015b\u0107 Ci\u0119 boli?<br \/>\nA mo\u017ce jest Ci w niej wygodnie, mo\u017cesz si\u0119 w niej rozp\u0142yn\u0105\u0107?<\/p>\n<p>&nbsp;<\/p>\n<p>Mo\u017cesz by\u0107 Kr\u00f3low\u0105 swojego \u017cycia &#8211; niezale\u017cnie od tego czy uwielbiasz zak\u0142ada\u0107 szpilki, koronkow\u0105 bielizn\u0119, d\u0142ugie suknie, sportowy str\u00f3j czy garsonk\u0119. Mo\u017cesz by\u0107 Bogini\u0105 &#8211; niezale\u017cnie od tego, czy jeste\u015b zawodowym \u017co\u0142nierzem, m\u0142od\u0105 mam\u0105, czy dyrektorem banku z milionami obowi\u0105zk\u00f3w.<\/p>\n<p>&nbsp;<\/p>\n<p><strong>Ucz\u0105c korzysta\u0107 si\u0119 ze swoich wewn\u0119trznych energii &#8211; \u017cycie b\u0119dzie p\u0142yn\u0119\u0142o w wi\u0119kszej przyjemno\u015bci.<\/strong><\/p>\n<p>&nbsp;<\/p>\n<p>Ka\u017cda z nas jest wyj\u0105tkowa w swojej r\u00f3\u017cnorodno\u015bci. I to jest w\u0142a\u015bnie nasze pi\u0119kno! Niestety, cz\u0119sto to nasze pi\u0119kno i wyj\u0105tkowo\u015b\u0107 okrywamy szaro\u015bci\u0105, zwyczajno\u015bci\u0105 i cierpieniem, by wpasowa\u0107 si\u0119 w t\u0142um. By nie zosta\u0107 odrzucon\u0105. Wy\u015bmian\u0105. Zranion\u0105. Jako Kobiety od wiek\u00f3w mamy w sobie dzik\u0105, nieokie\u0142znan\u0105 natur\u0119. Coraz wi\u0119cej zaczyna to czu\u0107 i wraca\u0107 do swojej mocy.<\/p>\n<p>A bycie siln\u0105 wcale nie oznacza tutaj mie\u0107 wy\u0107wiczone mi\u0119\u015bnie&#8230; To poznanie siebie, swoich granic, swojego cia\u0142a, swojej warto\u015bci.<\/p>\n<p><strong>Jeste\u015bmy kobietami \u2013 jeste\u015bmy stworzone do tworzenia, kreowania i inspiracji!<\/strong><\/p>\n<p>&nbsp;<\/p>\n<h4>Jak zmieni si\u0119 Twoje \u017cycie po tym kursie?<\/h4>\n<ul>\n<li>Uzdrowisz si\u0119 z niesprzyjaj\u0105cych przekona\u0144 na temat kobieco\u015bci<\/li>\n<li>Odzyskasz r\u00f3wnowag\u0119\u00a0pomi\u0119dzy energi\u0105 kobiec\u0105 i m\u0119sk\u0105<\/li>\n<li>Zaczniesz \u015bwiadomie pos\u0142ugiwa\u0107 si\u0119 tymi energiami<\/li>\n<li>Przestaniesz ocenia\u0107 swoje cia\u0142o i wyzwolisz je<\/li>\n<li>Odkryjesz, \u017ce mo\u017cesz pokocha\u0107 swoj\u0105 kobieco\u015b\u0107!<\/li>\n<li>Poczujesz, \u017ce dbanie o siebie i o swoje potrzeby jest priorytetem<\/li>\n<li>Poczujesz, \u017ce mo\u017cesz czu\u0107 si\u0119 bezpiecznie, jako Kobieta oraz \u017ce nie musisz u\u017cywa\u0107 si\u0142y do obrony<\/li>\n<li>Nauczysz si\u0119 by\u0107 otwarta na przyjmowanie od m\u0119\u017cczyzn i od \u015bwiata<\/li>\n<li>Zaczniesz \u017cy\u0107 pe\u0142ni\u0105 \u017cycia, w po\u0142\u0105czeniu ze swoj\u0105 wewn\u0119trzn\u0105 moc\u0105<\/li>\n<li>Poznasz archetyp astrologiczny swojej kobieco\u015bci<\/li>\n<\/ul>\n<p>&nbsp;<\/p>\n<p>&nbsp;<\/p>\n<p style=\"text-align: center\"><strong>Sta\u0144 si\u0119 Kobiet\u0105, kt\u00f3r\u0105 zawsze chcia\u0142a\u015b by\u0107!<\/strong><\/p>\n<p style=\"text-align: center\">A ja pomog\u0119 Ci na tej drodze, je\u015bli tego chcesz.<\/p>\n<p>&nbsp;<\/p>\n<p>Jedna z cudownych Kobiet powiedzia\u0142a:<\/p>\n<p>&#8222;Ukryty g\u0142\u00f3d bycia kochan\u0105 nie jest niczym pi\u0119knym &#8211; nasz brak lojalno\u015bci w stosunku do samej siebie i oddzielenie si\u0119 od swojego wn\u0119trza r\u00f3wnie\u017c nie jest pi\u0119kne, ani chwalebne.&#8221;<\/p>\n<p>Ten g\u0142\u00f3d \u015bwiadczy o braku mi\u0142o\u015bci, uzale\u017cnieniu od oceny innych os\u00f3b i mrzonkach, \u017ce je\u015bli kto\u015b pokocha nas, to my b\u0119dziemy szcz\u0119\u015bliwe.<\/p>\n<p>&nbsp;<\/p>\n<blockquote><p><strong>B\u0119d\u0105c sob\u0105 skazujemy si\u0119 na wygnanie przez wiele os\u00f3b.\u00a0 <\/strong><strong>Je\u017celi jednak dopasowujemy si\u0119 do woli innych ludzi, skazujemy si\u0119 na wygnanie przez nas samych\u201d<\/strong><\/p><\/blockquote>\n<p>&nbsp;<\/p>\n<h4>W programie m.in. pojawi\u0105 si\u0119 tematy:<\/h4>\n<ol>\n<li>Kobieco\u015b\u0107 i jej r\u00f3\u017cne wymiary<\/li>\n<li>Czy bycie kobiet\u0105 to szcz\u0119\u015bcie, czy cierpienie?<\/li>\n<li>M\u0119ska i \u017ce\u0144ska energia &#8211; obie masz w sobie.<\/li>\n<li>Jak korzysta\u0107 z m\u0119skiej i \u017ce\u0144skiej energii?<\/li>\n<li>&#8222;Moje cia\u0142o &#8211; kocham je!&#8221; Akceptacja swojego cia\u0142a.<\/li>\n<li>Op\u00f3r do swojego cia\u0142a.<\/li>\n<li>Czy mog\u0119 by\u0107 pi\u0119kna, widoczna i jednocze\u015bnie czu\u0107 si\u0119 bezpieczna?<\/li>\n<li>Dbanie o siebie &#8211; obowi\u0105zek i przywilej.<\/li>\n<li>Przyjmowanie od m\u0119\u017cczyzn i \u017cycia ( relacja z jedzeniem, Bogiem, sukcesem, pieni\u0119dzmi )<\/li>\n<li>Jak sta\u0107 si\u0119 spe\u0142nion\u0105 kobiet\u0105?<\/li>\n<li>Kobieco\u015b\u0107 w astrologii &#8211; dodatek<\/li>\n<\/ol>\n<p>&nbsp;<\/p>\n<p>&nbsp;<\/p>\n<p><strong>To praca na bardzo g\u0142\u0119bokim poziomie, dlatego mo\u017cesz spodziewa\u0107 si\u0119 podczas jego trwania i po nim ogromne transformacje, zar\u00f3wno na poziomie duchowym, jak i fizycznym. Spotkania b\u0119d\u0105 podzielone na tre\u015bci teoretyczne, prac\u0119 coachingow\u0105 oraz procesy uwalniaj\u0105ce.<\/strong><\/p>\n<p>Kurs nie zast\u0119puje konsultacji medycznej, a uczestnictwo w nim ma charakter dobrowolny.<\/p>\n<p>&nbsp;<\/p>\n<h4>W jaki spos\u00f3b pracujemy?<\/h4>\n<ul>\n<li>Czas nagrania ok. 6h<\/li>\n<li>Cz\u0119\u015b\u0107 teoretyczna<\/li>\n<li>Praca z przekonaniami<\/li>\n<li>Medytacja po\u0142\u0105czenia ze swoimi kobiecymi jako\u015bciami<\/li>\n<li>\u0106wiczenia aktywuj\u0105ce kobieco\u015b\u0107<\/li>\n<li>Podsumowuj\u0105cy PDF<\/li>\n<\/ul>\n<p>&nbsp;<\/p>\n<p>Mo\u017cliwo\u015b\u0107 p\u0142atno\u015bci w dw\u00f3ch ratach &#8211; napisz do mnie wiadomo\u015b\u0107 prywatn\u0105.<\/p>\n","protected":false},"excerpt":{"rendered":"<p>Marzysz o tym, aby poczu\u0107 si\u0119 pewnie i kobieco w swoim ciele?<\/p>\n<p>To jest miejsce dla Ciebie!<\/p>\n<p><strong>Kurs przeznaczony jest dla kobiet, kt\u00f3re m.in:<\/strong><\/p>\n<ul>\n<li>Chc\u0105 g\u0142\u0119biej pozna\u0107 siebie i\u00a0do\u015bwiadcza\u0107 wi\u0119kszej \u015bwiadomo\u015bci,<\/li>\n<li>Chc\u0105 pozna\u0107 czym jest <strong>m\u0119ska i \u017ce\u0144ska energia,<\/strong><\/li>\n<li>Chc\u0105 odkry\u0107 moc ukryt\u0105 w ich ciele i kobieco\u015bci,<\/li>\n<li>Chc\u0105 poczu\u0107 si\u0119 <strong>bardziej kobieco<\/strong> i pewnie w swoim ciele,<\/li>\n<li>Maj\u0105 trudno\u015b\u0107 w pozwoleniu sobie na dbanie o siebie i odpoczynek,<\/li>\n<li>Maj\u0105 trudno\u015b\u0107 w <strong>zaakceptowaniu<\/strong> <strong>siebie<\/strong>, jako kobiety<\/li>\n<\/ul>\n<p>&nbsp;<\/p>\n<p>Podczas 6h nagra\u0144 b\u0119dziemy pracowa\u0107 na holistycznie. Otrzymasz mn\u00f3stwo merytorycznej wiedzy, przeprowadz\u0119 Ci\u0119 poprzez grupowe procesy, odkryjesz swoje niesprzyjaj\u0105ce przekonania, a tak\u017ce wykonasz \u0107wiczenia energetyczne.<\/p>\n<p>Dodatkowo czeka na Ciebie bardzo transformuj\u0105ca medytacja.<\/p>\n","protected":false},"featured_media":31410,"template":"","meta":{"jetpack_post_was_ever_published":true,"jetpack_publicize_message":"","jetpack_publicize_feature_enabled":true,"jetpack_social_post_already_shared":true,"jetpack_social_options":{"image_generator_settings":{"template":"highway","default_image_id":0,"font":"","enabled":false},"version":2}},"product_brand":[],"product_cat":[69],"product_tag":[],"class_list":{"0":"post-29890","1":"product","2":"type-product","3":"status-publish","4":"has-post-thumbnail","6":"product_cat-kursy","8":"first","9":"instock","10":"virtual","11":"purchasable","12":"product-type-simple"},"jetpack_publicize_connections":[],"jetpack_sharing_enabled":true,"_links":{"self":[{"href":"https:\/\/mocyoni.com\/index.php\/wp-json\/wp\/v2\/product\/29890","targetHints":{"allow":["GET"]}}],"collection":[{"href":"https:\/\/mocyoni.com\/index.php\/wp-json\/wp\/v2\/product"}],"about":[{"href":"https:\/\/mocyoni.com\/index.php\/wp-json\/wp\/v2\/types\/product"}],"wp:featuredmedia":[{"embeddable":true,"href":"https:\/\/mocyoni.com\/index.php\/wp-json\/wp\/v2\/media\/31410"}],"wp:attachment":[{"href":"https:\/\/mocyoni.com\/index.php\/wp-json\/wp\/v2\/media?parent=29890"}],"wp:term":[{"taxonomy":"product_brand","embeddable":true,"href":"https:\/\/mocyoni.com\/index.php\/wp-json\/wp\/v2\/product_brand?post=29890"},{"taxonomy":"product_cat","embeddable":true,"href":"https:\/\/mocyoni.com\/index.php\/wp-json\/wp\/v2\/product_cat?post=29890"},{"taxonomy":"product_tag","embeddable":true,"href":"https:\/\/mocyoni.com\/index.php\/wp-json\/wp\/v2\/product_tag?post=29890"}],"curies":[{"name":"wp","href":"https:\/\/api.w.org\/{rel}","templated":true}]}}