{"id":28477,"date":"2022-01-23T22:40:46","date_gmt":"2022-01-23T21:40:46","guid":{"rendered":"https:\/\/mocyoni.com\/?post_type=product&#038;p=28477"},"modified":"2026-04-09T15:59:18","modified_gmt":"2026-04-09T13:59:18","slug":"sesja-reiki","status":"publish","type":"product","link":"https:\/\/mocyoni.com\/index.php\/produkt\/sesja-reiki\/","title":{"rendered":"Sesja Energetyczna Reiki"},"content":{"rendered":"<h4>Tw\u00f3j powr\u00f3t do b\u0142ogostanu..<\/h4>\n<p>To niezwykle delikatna, ale skuteczna metoda pracy z energi\u0105. To mo\u017cliwo\u015b\u0107 odzyskaniu b\u0142ogostanu na poziomie cia\u0142a i emocji. Poczuj przep\u0142ywaj\u0105c\u0105 mi\u0142o\u015b\u0107 do siebie samej i zaufaj swojemu cia\u0142u w prowadzeniu Ci\u0119,<\/p>\n<h4>Na czym polega sesja Reiki?<\/h4>\n<p>Zabieg Reiki wykonuj\u0119 na odleg\u0142o\u015b\u0107 jest bardzo wyciszaj\u0105cy i odpr\u0119\u017caj\u0105cy. W pierwszej kolejno\u015bci ustalamy Twoje potrzeby, intencj\u0119 oraz system, kt\u00f3rym b\u0119d\u0119 pracowa\u0142a: Reiki Kundalini lub Reiki Gold. Nast\u0119pnie przeprowadzam koj\u0105cy zabieg, a na zako\u0144czenie nagrywam kr\u00f3tkie audio, w kt\u00f3rym dziel\u0119 si\u0119 z Tob\u0105 wskaz\u00f3wkami, kt\u00f3re przysz\u0142y do mnie podczas zabiegu. Sesja trwa ok.45-50 min.<\/p>\n<p>To ta m\u0105dra energia niesie mi\u0142o\u015b\u0107 i uzdrowienie \u2013 ja jestem tylko jej kana\u0142em.<\/p>\n<p>&nbsp;<\/p>\n<p data-start=\"0\" data-end=\"45\"><strong data-start=\"0\" data-end=\"43\">Klauzula dotycz\u0105ca sesji energetycznych<\/strong><\/p>\n<p data-start=\"47\" data-end=\"310\">Informacje oraz us\u0142ugi oferowane w ramach sesji energetycznych maj\u0105 charakter wspieraj\u0105cy i rozwojowy. Nie stanowi\u0105 one substytutu profesjonalnej porady medycznej, terapii psychologicznej, diagnozy ani leczenia prowadzonego przez wykwalifikowanych specjalist\u00f3w. W przypadku problem\u00f3w zdrowotnych, zar\u00f3wno fizycznych, jak i psychicznych, zaleca si\u0119\u00a0<strong data-start=\"629\" data-end=\"681\">konsultacj\u0119 z odpowiednim lekarzem lub terapeut\u0105<\/strong>. Korzystanie z sesji jest\u00a0<strong data-start=\"708\" data-end=\"722\">dobrowolne<\/strong>\u00a0i odbywa si\u0119 na w\u0142asn\u0105 odpowiedzialno\u015b\u0107 uczestnika.<\/p>\n<div class=\"yt-wrapper\"><\/div>\n","protected":false},"excerpt":{"rendered":"<p><strong>To od Reiki zacz\u0119\u0142a si\u0119 moja przygoda z uzdrawianiem.<\/strong><\/p>\n<p>Reiki to staro\u017cytna sztuka polegaj\u0105ca na stymulacji uzdrawiaj\u0105cych si\u0142 organizmu. Nasze cia\u0142o jest energi\u0105 \u2013 tak jak ca\u0142y \u015awiat. Ka\u017cdy z nas tworzy <strong>pole energetyczne<\/strong>, kt\u00f3re wibruje z okre\u015blon\u0105 cz\u0119stotliwo\u015bci\u0105 w zale\u017cno\u015bci od naszych my\u015bli, czy emocji. Im zdrowsze i szcz\u0119\u015bliwsze \u2013 tym wi\u0119cej zdrowia w naszym \u017cyciu.<\/p>\n<p>Reiki doprowadza <strong>cia\u0142o i psychik\u0119<\/strong> do r\u00f3wnowagi. Dzia\u0142a na zasadzie balansowania systemu energetycznego. Uspokaja, relaksuje, oczyszcza organizm z toksyn, wzmacnia cia\u0142o i wspomaga medycyn\u0119 akademick\u0105.<\/p>\n<p><strong>Jakie Kobiety zapraszam na sesj\u0119 Reiki?<\/strong><\/p>\n<ul>\n<li>te, kt\u00f3re nie wiedz\u0105 od czego rozpocz\u0105\u0107 <strong>zmian\u0119<\/strong> <strong>\u017cycia<\/strong><\/li>\n<li>szukaj\u0105ce swojej drogi<\/li>\n<li>chc\u0105ce <strong>wzmocni\u0107<\/strong> swoje zdrowie fizyczne i psychiczne<\/li>\n<li>te, kt\u00f3re nie s\u0105 na ten moment gotowe na g\u0142\u0119bsz\u0105 prac\u0119 terapeutyczn\u0105<\/li>\n<li>chc\u0105ce pozwoli\u0107 sobie na chwil\u0119\u00a0<strong>relaksu<\/strong>, odpoczynku<\/li>\n<li>te, kt\u00f3re czuj\u0105 si\u0119 przem\u0119czone i przeci\u0105\u017cone<\/li>\n<\/ul>\n","protected":false},"featured_media":32386,"template":"","meta":{"jetpack_post_was_ever_published":true,"jetpack_publicize_message":"","jetpack_publicize_feature_enabled":true,"jetpack_social_post_already_shared":true,"jetpack_social_options":{"image_generator_settings":{"template":"highway","default_image_id":0,"font":"","enabled":false},"version":2}},"product_brand":[],"product_cat":[69,61,66,65],"product_tag":[],"class_list":{"0":"post-28477","1":"product","2":"type-product","3":"status-publish","4":"has-post-thumbnail","6":"product_cat-kursy","7":"product_cat-terapia-online","8":"product_cat-terapia-stacjonarnie","9":"product_cat-warsztaty-online","11":"first","12":"instock","13":"virtual","14":"purchasable","15":"product-type-simple"},"jetpack_publicize_connections":[],"jetpack_sharing_enabled":true,"_links":{"self":[{"href":"https:\/\/mocyoni.com\/index.php\/wp-json\/wp\/v2\/product\/28477","targetHints":{"allow":["GET"]}}],"collection":[{"href":"https:\/\/mocyoni.com\/index.php\/wp-json\/wp\/v2\/product"}],"about":[{"href":"https:\/\/mocyoni.com\/index.php\/wp-json\/wp\/v2\/types\/product"}],"wp:featuredmedia":[{"embeddable":true,"href":"https:\/\/mocyoni.com\/index.php\/wp-json\/wp\/v2\/media\/32386"}],"wp:attachment":[{"href":"https:\/\/mocyoni.com\/index.php\/wp-json\/wp\/v2\/media?parent=28477"}],"wp:term":[{"taxonomy":"product_brand","embeddable":true,"href":"https:\/\/mocyoni.com\/index.php\/wp-json\/wp\/v2\/product_brand?post=28477"},{"taxonomy":"product_cat","embeddable":true,"href":"https:\/\/mocyoni.com\/index.php\/wp-json\/wp\/v2\/product_cat?post=28477"},{"taxonomy":"product_tag","embeddable":true,"href":"https:\/\/mocyoni.com\/index.php\/wp-json\/wp\/v2\/product_tag?post=28477"}],"curies":[{"name":"wp","href":"https:\/\/api.w.org\/{rel}","templated":true}]}}